{"id":2932,"date":"2025-05-17T17:17:19","date_gmt":"2025-05-17T15:17:19","guid":{"rendered":"https:\/\/omrasansagence.fr\/?post_type=product&#038;p=2932"},"modified":"2025-05-17T17:30:10","modified_gmt":"2025-05-17T15:30:10","slug":"e-book-les-invocations-du-hajj-et-de-la-omra","status":"publish","type":"product","link":"https:\/\/omrasansagence.fr\/es\/produit\/e-book-les-invocations-du-hajj-et-de-la-omra\/","title":{"rendered":"E-book Les invocations du Hajj et de la &lsquo;Omra"},"content":{"rendered":"<h2><strong>E-book Les invocations du Hajj et de la &lsquo;Omra<\/strong><\/h2>\n<p>L\u2019\u00e9quipe<strong> Ton Guide Omra<\/strong> vous pr\u00e9sente son <strong>E-book Les invocations du Hajj et de la &lsquo;Omra <\/strong><strong>(petit p\u00e8lerinage)<\/strong>.<br \/>\nCe E-book a pour but d\u2019<strong>aider le p\u00e8lerin<\/strong> lors de ses rites afin qu\u2019il puisse avoir acc\u00e8s \u00e0 toute les invocations dont il a besoin durant ceux-ci. Ce E-book accompagnera le p\u00e8lerin durant ses rites et les invocations (arabe, phon\u00e9tiques et fran\u00e7ais) l\u2019aideront \u00e0 les accomplir de la meilleure mani\u00e8re.<\/p>\n<div class=\"flex-1 overflow-hidden\">\n<div class=\"react-scroll-to-bottom--css-wesoo-79elbk h-full\">\n<div class=\"react-scroll-to-bottom--css-wesoo-1n7m0yu\">\n<div class=\"flex flex-col pb-9 text-sm\">\n<div class=\"w-full text-token-text-primary\" data-testid=\"conversation-turn-93\">\n<div class=\"px-4 py-2 justify-center text-base md:gap-6 m-auto\">\n<div class=\"flex flex-1 text-base mx-auto gap-3 md:px-5 lg:px-1 xl:px-5 md:max-w-3xl lg:max-w-[40rem] xl:max-w-[48rem] group final-completion\">\n<div class=\"relative flex w-full flex-col lg:w-[calc(100%-115px)] agent-turn\">\n<div class=\"flex-col gap-1 md:gap-3\">\n<div class=\"flex flex-grow flex-col max-w-full\">\n<div class=\"min-h-[20px] text-message flex flex-col items-start gap-3 whitespace-pre-wrap break-words [.text-message+&amp;]:mt-5 overflow-x-auto\" data-message-author-role=\"assistant\" data-message-id=\"856f6f57-7519-40f5-b791-10fcbcd9422b\">\n<h3><strong>T\u00e9l\u00e9charger notre E-book sur les\u00a0 invocations de la Omra pr\u00e9sente plusieurs avantages pour les p\u00e8lerins :<\/strong><\/h3>\n<ol>\n<li>Les p\u00e8lerins ont acc\u00e8s aux<strong>\u00a0invocations de la Omra<\/strong> instantan\u00e9ment une fois l&rsquo;e-book t\u00e9l\u00e9charg\u00e9.<\/li>\n<li>Avoir l&rsquo;e-book sur son t\u00e9l\u00e9phone offre la commodit\u00e9 de transporter facilement toutes les invocations pendant la Omra.<\/li>\n<li>\u00a0Les instructions d\u00e9taill\u00e9es aident les p\u00e8lerins \u00e0 suivre correctement les rites, m\u00eame lorsqu&rsquo;ils sont sur place.<\/li>\n<li>\u00a0Les p\u00e8lerins peuvent se r\u00e9f\u00e9rer aux invocations \u00e0 tout moment, offrant une r\u00e9f\u00e9rence pr\u00e9cise pendant chaque \u00e9tape.<\/li>\n<li>Avoir toutes les informations essentielles \u00e0 port\u00e9e de main \u00e9vite de devoir effectuer des recherches en ligne pendant les rituels.<\/li>\n<\/ol>\n<p>Nous proposons Notre E-book gratuitement afin de le rendre accessible \u00e0 un plus grand nombre de p\u00e8lerins,<span style=\"font-size: 16px;\">\u00a0les aidant \u00e0 vivre cette exp\u00e9rience spirituelle de mani\u00e8re plus fluide et enrichissante.<\/span><\/p>\n<\/div>\n<\/div>\n<\/div>\n<\/div>\n<\/div>\n<\/div>\n<\/div>\n<\/div>\n<\/div>\n<\/div>\n<\/div>","protected":false},"excerpt":{"rendered":"<p>Ce E-book permettra d\u2019accompagner le p\u00e8lerin durant ses rites et les invocations <strong>(arabe, phon\u00e9tiques et fran\u00e7ais)<\/strong> l\u2019aideront \u00e0 les accomplir de la meilleure mani\u00e8re.<\/p>","protected":false},"featured_media":2903,"comment_status":"open","ping_status":"closed","template":"","meta":{"give_campaign_id":0,"site-sidebar-layout":"default","site-content-layout":"default","ast-site-content-layout":"default","site-content-style":"default","site-sidebar-style":"default","ast-global-header-display":"","ast-banner-title-visibility":"","ast-main-header-display":"","ast-hfb-above-header-display":"","ast-hfb-below-header-display":"","ast-hfb-mobile-header-display":"","site-post-title":"","ast-breadcrumbs-content":"","ast-featured-img":"","footer-sml-layout":"","ast-disable-related-posts":"","theme-transparent-header-meta":"default","adv-header-id-meta":"","stick-header-meta":"","header-above-stick-meta":"","header-main-stick-meta":"","header-below-stick-meta":"","astra-migrate-meta-layouts":"default","ast-page-background-enabled":"default","ast-page-background-meta":{"desktop":{"background-color":"","background-image":"","background-repeat":"repeat","background-position":"center center","background-size":"auto","background-attachment":"scroll","background-type":"","background-media":"","overlay-type":"","overlay-color":"","overlay-opacity":"","overlay-gradient":""},"tablet":{"background-color":"","background-image":"","background-repeat":"repeat","background-position":"center center","background-size":"auto","background-attachment":"scroll","background-type":"","background-media":"","overlay-type":"","overlay-color":"","overlay-opacity":"","overlay-gradient":""},"mobile":{"background-color":"","background-image":"","background-repeat":"repeat","background-position":"center center","background-size":"auto","background-attachment":"scroll","background-type":"","background-media":"","overlay-type":"","overlay-color":"","overlay-opacity":"","overlay-gradient":""}},"ast-content-background-meta":{"desktop":{"background-color":"var(--ast-global-color-5)","background-image":"","background-repeat":"repeat","background-position":"center center","background-size":"auto","background-attachment":"scroll","background-type":"","background-media":"","overlay-type":"","overlay-color":"","overlay-opacity":"","overlay-gradient":""},"tablet":{"background-color":"var(--ast-global-color-5)","background-image":"","background-repeat":"repeat","background-position":"center center","background-size":"auto","background-attachment":"scroll","background-type":"","background-media":"","overlay-type":"","overlay-color":"","overlay-opacity":"","overlay-gradient":""},"mobile":{"background-color":"var(--ast-global-color-5)","background-image":"","background-repeat":"repeat","background-position":"center center","background-size":"auto","background-attachment":"scroll","background-type":"","background-media":"","overlay-type":"","overlay-color":"","overlay-opacity":"","overlay-gradient":""}},"_joinchat":[]},"product_brand":[],"product_cat":[18],"product_tag":[],"class_list":{"0":"post-2932","1":"product","2":"type-product","3":"status-publish","4":"has-post-thumbnail","6":"product_cat-non-classe","7":"desktop-align-left","8":"tablet-align-left","9":"mobile-align-left","11":"first","12":"instock","13":"sale","14":"downloadable","15":"taxable","16":"shipping-taxable","17":"purchasable","18":"product-type-simple"},"yoast_head":"<!-- This site is optimized with the Yoast SEO plugin v26.5 - https:\/\/yoast.com\/wordpress\/plugins\/seo\/ -->\n<title>E-book Les invocations du Hajj et de la &#039;Omra - omrasansagence<\/title>\n<meta name=\"description\" content=\"Ce livret de poche permettra d\u2019accompagner le p\u00e8lerin durant ses rites et les invocations (arabe, phon\u00e9tiques et fran\u00e7ais) l\u2019aideront \u00e0 les accomplir de la meilleure mani\u00e8re.\" \/>\n<meta name=\"robots\" content=\"index, follow, max-snippet:-1, max-image-preview:large, max-video-preview:-1\" \/>\n<link rel=\"canonical\" href=\"https:\/\/omrasansagence.fr\/es\/produit\/e-book-les-invocations-du-hajj-et-de-la-omra\/\" \/>\n<meta property=\"og:locale\" content=\"es_ES\" \/>\n<meta property=\"og:type\" content=\"article\" \/>\n<meta property=\"og:title\" content=\"E-book Les invocations du Hajj et de la &#039;Omra - omrasansagence\" \/>\n<meta property=\"og:description\" content=\"Ce livret de poche permettra d\u2019accompagner le p\u00e8lerin durant ses rites et les invocations (arabe, phon\u00e9tiques et fran\u00e7ais) l\u2019aideront \u00e0 les accomplir de la meilleure mani\u00e8re.\" \/>\n<meta property=\"og:url\" content=\"https:\/\/omrasansagence.fr\/es\/produit\/e-book-les-invocations-du-hajj-et-de-la-omra\/\" \/>\n<meta property=\"og:site_name\" content=\"omrasansagence\" \/>\n<meta property=\"article:modified_time\" content=\"2025-05-17T15:30:10+00:00\" \/>\n<meta property=\"og:image\" content=\"https:\/\/omrasansagence.fr\/wp-content\/uploads\/2025\/05\/Capture-decran-2025-05-15-201518.png\" \/>\n\t<meta property=\"og:image:width\" content=\"1467\" \/>\n\t<meta property=\"og:image:height\" content=\"832\" \/>\n\t<meta property=\"og:image:type\" content=\"image\/png\" \/>\n<meta name=\"twitter:card\" content=\"summary_large_image\" \/>\n<meta name=\"twitter:label1\" content=\"Tiempo de lectura\" \/>\n\t<meta name=\"twitter:data1\" content=\"2 minutos\" \/>\n<script type=\"application\/ld+json\" class=\"yoast-schema-graph\">{\"@context\":\"https:\/\/schema.org\",\"@graph\":[{\"@type\":[\"WebPage\",\"CheckoutPage\"],\"@id\":\"https:\/\/omrasansagence.fr\/produit\/e-book-les-invocations-du-hajj-et-de-la-omra\/\",\"url\":\"https:\/\/omrasansagence.fr\/produit\/e-book-les-invocations-du-hajj-et-de-la-omra\/\",\"name\":\"E-book Les invocations du Hajj et de la 'Omra - omrasansagence\",\"isPartOf\":{\"@id\":\"https:\/\/omrasansagence.fr\/#website\"},\"primaryImageOfPage\":{\"@id\":\"https:\/\/omrasansagence.fr\/produit\/e-book-les-invocations-du-hajj-et-de-la-omra\/#primaryimage\"},\"image\":{\"@id\":\"https:\/\/omrasansagence.fr\/produit\/e-book-les-invocations-du-hajj-et-de-la-omra\/#primaryimage\"},\"thumbnailUrl\":\"https:\/\/omrasansagence.fr\/wp-content\/uploads\/2025\/05\/Capture-decran-2025-05-15-201518.png\",\"datePublished\":\"2025-05-17T15:17:19+00:00\",\"dateModified\":\"2025-05-17T15:30:10+00:00\",\"description\":\"Ce livret de poche permettra d\u2019accompagner le p\u00e8lerin durant ses rites et les invocations (arabe, phon\u00e9tiques et fran\u00e7ais) l\u2019aideront \u00e0 les accomplir de la meilleure mani\u00e8re.\",\"breadcrumb\":{\"@id\":\"https:\/\/omrasansagence.fr\/produit\/e-book-les-invocations-du-hajj-et-de-la-omra\/#breadcrumb\"},\"inLanguage\":\"es\",\"potentialAction\":[{\"@type\":\"ReadAction\",\"target\":[\"https:\/\/omrasansagence.fr\/produit\/e-book-les-invocations-du-hajj-et-de-la-omra\/\"]}]},{\"@type\":\"ImageObject\",\"inLanguage\":\"es\",\"@id\":\"https:\/\/omrasansagence.fr\/produit\/e-book-les-invocations-du-hajj-et-de-la-omra\/#primaryimage\",\"url\":\"https:\/\/omrasansagence.fr\/wp-content\/uploads\/2025\/05\/Capture-decran-2025-05-15-201518.png\",\"contentUrl\":\"https:\/\/omrasansagence.fr\/wp-content\/uploads\/2025\/05\/Capture-decran-2025-05-15-201518.png\",\"width\":1467,\"height\":832,\"caption\":\"LES INVOCATIONS DU HAJJ ET DE LA OMRA\"},{\"@type\":\"BreadcrumbList\",\"@id\":\"https:\/\/omrasansagence.fr\/produit\/e-book-les-invocations-du-hajj-et-de-la-omra\/#breadcrumb\",\"itemListElement\":[{\"@type\":\"ListItem\",\"position\":1,\"name\":\"Accueil\",\"item\":\"https:\/\/omrasansagence.fr\/\"},{\"@type\":\"ListItem\",\"position\":2,\"name\":\"Boutique\",\"item\":\"https:\/\/omrasansagence.fr\/boutique\/\"},{\"@type\":\"ListItem\",\"position\":3,\"name\":\"E-book Les invocations du Hajj et de la &#8216;Omra\"}]},{\"@type\":\"WebSite\",\"@id\":\"https:\/\/omrasansagence.fr\/#website\",\"url\":\"https:\/\/omrasansagence.fr\/\",\"name\":\"omrasansagence\",\"description\":\"\",\"publisher\":{\"@id\":\"https:\/\/omrasansagence.fr\/#organization\"},\"potentialAction\":[{\"@type\":\"SearchAction\",\"target\":{\"@type\":\"EntryPoint\",\"urlTemplate\":\"https:\/\/omrasansagence.fr\/?s={search_term_string}\"},\"query-input\":{\"@type\":\"PropertyValueSpecification\",\"valueRequired\":true,\"valueName\":\"search_term_string\"}}],\"inLanguage\":\"es\"},{\"@type\":\"Organization\",\"@id\":\"https:\/\/omrasansagence.fr\/#organization\",\"name\":\"omrasansagence\",\"url\":\"https:\/\/omrasansagence.fr\/\",\"logo\":{\"@type\":\"ImageObject\",\"inLanguage\":\"es\",\"@id\":\"https:\/\/omrasansagence.fr\/#\/schema\/logo\/image\/\",\"url\":\"https:\/\/omrasansagence.fr\/wp-content\/uploads\/2023\/07\/cropped-logo-ton-guide-Omra-fond-blanc-e1690744840430.png\",\"contentUrl\":\"https:\/\/omrasansagence.fr\/wp-content\/uploads\/2023\/07\/cropped-logo-ton-guide-Omra-fond-blanc-e1690744840430.png\",\"width\":186,\"height\":202,\"caption\":\"omrasansagence\"},\"image\":{\"@id\":\"https:\/\/omrasansagence.fr\/#\/schema\/logo\/image\/\"}}]}<\/script>\n<!-- \/ Yoast SEO plugin. -->","yoast_head_json":{"title":"E-book Les invocations du Hajj et de la 'Omra - omrasansagence","description":"Ce livret de poche permettra d\u2019accompagner le p\u00e8lerin durant ses rites et les invocations (arabe, phon\u00e9tiques et fran\u00e7ais) l\u2019aideront \u00e0 les accomplir de la meilleure mani\u00e8re.","robots":{"index":"index","follow":"follow","max-snippet":"max-snippet:-1","max-image-preview":"max-image-preview:large","max-video-preview":"max-video-preview:-1"},"canonical":"https:\/\/omrasansagence.fr\/es\/produit\/e-book-les-invocations-du-hajj-et-de-la-omra\/","og_locale":"es_ES","og_type":"article","og_title":"E-book Les invocations du Hajj et de la 'Omra - omrasansagence","og_description":"Ce livret de poche permettra d\u2019accompagner le p\u00e8lerin durant ses rites et les invocations (arabe, phon\u00e9tiques et fran\u00e7ais) l\u2019aideront \u00e0 les accomplir de la meilleure mani\u00e8re.","og_url":"https:\/\/omrasansagence.fr\/es\/produit\/e-book-les-invocations-du-hajj-et-de-la-omra\/","og_site_name":"omrasansagence","article_modified_time":"2025-05-17T15:30:10+00:00","og_image":[{"width":1467,"height":832,"url":"https:\/\/omrasansagence.fr\/wp-content\/uploads\/2025\/05\/Capture-decran-2025-05-15-201518.png","type":"image\/png"}],"twitter_card":"summary_large_image","twitter_misc":{"Tiempo de lectura":"2 minutos"},"schema":{"@context":"https:\/\/schema.org","@graph":[{"@type":["WebPage","CheckoutPage"],"@id":"https:\/\/omrasansagence.fr\/produit\/e-book-les-invocations-du-hajj-et-de-la-omra\/","url":"https:\/\/omrasansagence.fr\/produit\/e-book-les-invocations-du-hajj-et-de-la-omra\/","name":"E-book Les invocations du Hajj et de la 'Omra - omrasansagence","isPartOf":{"@id":"https:\/\/omrasansagence.fr\/#website"},"primaryImageOfPage":{"@id":"https:\/\/omrasansagence.fr\/produit\/e-book-les-invocations-du-hajj-et-de-la-omra\/#primaryimage"},"image":{"@id":"https:\/\/omrasansagence.fr\/produit\/e-book-les-invocations-du-hajj-et-de-la-omra\/#primaryimage"},"thumbnailUrl":"https:\/\/omrasansagence.fr\/wp-content\/uploads\/2025\/05\/Capture-decran-2025-05-15-201518.png","datePublished":"2025-05-17T15:17:19+00:00","dateModified":"2025-05-17T15:30:10+00:00","description":"Ce livret de poche permettra d\u2019accompagner le p\u00e8lerin durant ses rites et les invocations (arabe, phon\u00e9tiques et fran\u00e7ais) l\u2019aideront \u00e0 les accomplir de la meilleure mani\u00e8re.","breadcrumb":{"@id":"https:\/\/omrasansagence.fr\/produit\/e-book-les-invocations-du-hajj-et-de-la-omra\/#breadcrumb"},"inLanguage":"es","potentialAction":[{"@type":"ReadAction","target":["https:\/\/omrasansagence.fr\/produit\/e-book-les-invocations-du-hajj-et-de-la-omra\/"]}]},{"@type":"ImageObject","inLanguage":"es","@id":"https:\/\/omrasansagence.fr\/produit\/e-book-les-invocations-du-hajj-et-de-la-omra\/#primaryimage","url":"https:\/\/omrasansagence.fr\/wp-content\/uploads\/2025\/05\/Capture-decran-2025-05-15-201518.png","contentUrl":"https:\/\/omrasansagence.fr\/wp-content\/uploads\/2025\/05\/Capture-decran-2025-05-15-201518.png","width":1467,"height":832,"caption":"LES INVOCATIONS DU HAJJ ET DE LA OMRA"},{"@type":"BreadcrumbList","@id":"https:\/\/omrasansagence.fr\/produit\/e-book-les-invocations-du-hajj-et-de-la-omra\/#breadcrumb","itemListElement":[{"@type":"ListItem","position":1,"name":"Accueil","item":"https:\/\/omrasansagence.fr\/"},{"@type":"ListItem","position":2,"name":"Boutique","item":"https:\/\/omrasansagence.fr\/boutique\/"},{"@type":"ListItem","position":3,"name":"E-book Les invocations du Hajj et de la &#8216;Omra"}]},{"@type":"WebSite","@id":"https:\/\/omrasansagence.fr\/#website","url":"https:\/\/omrasansagence.fr\/","name":"omrasansagence","description":"","publisher":{"@id":"https:\/\/omrasansagence.fr\/#organization"},"potentialAction":[{"@type":"SearchAction","target":{"@type":"EntryPoint","urlTemplate":"https:\/\/omrasansagence.fr\/?s={search_term_string}"},"query-input":{"@type":"PropertyValueSpecification","valueRequired":true,"valueName":"search_term_string"}}],"inLanguage":"es"},{"@type":"Organization","@id":"https:\/\/omrasansagence.fr\/#organization","name":"omrasansagence","url":"https:\/\/omrasansagence.fr\/","logo":{"@type":"ImageObject","inLanguage":"es","@id":"https:\/\/omrasansagence.fr\/#\/schema\/logo\/image\/","url":"https:\/\/omrasansagence.fr\/wp-content\/uploads\/2023\/07\/cropped-logo-ton-guide-Omra-fond-blanc-e1690744840430.png","contentUrl":"https:\/\/omrasansagence.fr\/wp-content\/uploads\/2023\/07\/cropped-logo-ton-guide-Omra-fond-blanc-e1690744840430.png","width":186,"height":202,"caption":"omrasansagence"},"image":{"@id":"https:\/\/omrasansagence.fr\/#\/schema\/logo\/image\/"}}]}},"_links":{"self":[{"href":"https:\/\/omrasansagence.fr\/es\/wp-json\/wp\/v2\/product\/2932","targetHints":{"allow":["GET"]}}],"collection":[{"href":"https:\/\/omrasansagence.fr\/es\/wp-json\/wp\/v2\/product"}],"about":[{"href":"https:\/\/omrasansagence.fr\/es\/wp-json\/wp\/v2\/types\/product"}],"replies":[{"embeddable":true,"href":"https:\/\/omrasansagence.fr\/es\/wp-json\/wp\/v2\/comments?post=2932"}],"wp:featuredmedia":[{"embeddable":true,"href":"https:\/\/omrasansagence.fr\/es\/wp-json\/wp\/v2\/media\/2903"}],"wp:attachment":[{"href":"https:\/\/omrasansagence.fr\/es\/wp-json\/wp\/v2\/media?parent=2932"}],"wp:term":[{"taxonomy":"product_brand","embeddable":true,"href":"https:\/\/omrasansagence.fr\/es\/wp-json\/wp\/v2\/product_brand?post=2932"},{"taxonomy":"product_cat","embeddable":true,"href":"https:\/\/omrasansagence.fr\/es\/wp-json\/wp\/v2\/product_cat?post=2932"},{"taxonomy":"product_tag","embeddable":true,"href":"https:\/\/omrasansagence.fr\/es\/wp-json\/wp\/v2\/product_tag?post=2932"}],"curies":[{"name":"wp","href":"https:\/\/api.w.org\/{rel}","templated":true}]}}