{"id":750,"date":"2023-02-17T10:38:46","date_gmt":"2023-02-17T09:38:46","guid":{"rendered":"http:\/\/omrasansagence\/?post_type=product&#038;p=750"},"modified":"2026-03-31T23:31:38","modified_gmt":"2026-03-31T21:31:38","slug":"transport-aeroport-hotel","status":"publish","type":"product","link":"https:\/\/omrasansagence.fr\/en\/produit\/transport-aeroport-hotel\/","title":{"rendered":"Transport A\u00e9roport H\u00f4tel"},"content":{"rendered":"<h2>Transport A\u00e9roport M\u00e9dine vers\u00a0 H\u00f4tel<\/h2>\n<p>Vous d\u00e9barquez ou embarquez de l\u2019a\u00e9roport international \u00e0 M\u00e9dine. Laissez vous transporter par votre chauffeur priv\u00e9 jusqu&rsquo;\u00e0 votre h\u00f4tel \u00e0 M\u00e9dine.<\/p>","protected":false},"excerpt":{"rendered":"<p><strong>Chers P\u00e8lerins,<\/strong><\/p>\n<p>Nous sommes ravis de vous accompagner dans votre <strong>voyage sacr\u00e9 de la Omra sans agence<\/strong>. Afin de garantir une exp\u00e9rience personnalis\u00e9e et r\u00e9pondre au mieux \u00e0 vos besoins, nous vous prions de bien vouloir <strong>nous contacter sur WhatsApp avant tout r\u00e8glement.<\/strong><\/p>","protected":false},"featured_media":955,"comment_status":"open","ping_status":"closed","template":"","meta":{"give_campaign_id":0,"site-sidebar-layout":"default","site-content-layout":"default","ast-site-content-layout":"default","site-content-style":"default","site-sidebar-style":"default","ast-global-header-display":"","ast-banner-title-visibility":"","ast-main-header-display":"","ast-hfb-above-header-display":"","ast-hfb-below-header-display":"","ast-hfb-mobile-header-display":"","site-post-title":"","ast-breadcrumbs-content":"","ast-featured-img":"","footer-sml-layout":"","ast-disable-related-posts":"","theme-transparent-header-meta":"default","adv-header-id-meta":"","stick-header-meta":"","header-above-stick-meta":"","header-main-stick-meta":"","header-below-stick-meta":"","astra-migrate-meta-layouts":"default","ast-page-background-enabled":"default","ast-page-background-meta":{"desktop":{"background-color":"","background-image":"","background-repeat":"repeat","background-position":"center center","background-size":"auto","background-attachment":"scroll","background-type":"","background-media":"","overlay-type":"","overlay-color":"","overlay-opacity":"","overlay-gradient":""},"tablet":{"background-color":"","background-image":"","background-repeat":"repeat","background-position":"center center","background-size":"auto","background-attachment":"scroll","background-type":"","background-media":"","overlay-type":"","overlay-color":"","overlay-opacity":"","overlay-gradient":""},"mobile":{"background-color":"","background-image":"","background-repeat":"repeat","background-position":"center center","background-size":"auto","background-attachment":"scroll","background-type":"","background-media":"","overlay-type":"","overlay-color":"","overlay-opacity":"","overlay-gradient":""}},"ast-content-background-meta":{"desktop":{"background-color":"var(--ast-global-color-5)","background-image":"","background-repeat":"repeat","background-position":"center center","background-size":"auto","background-attachment":"scroll","background-type":"","background-media":"","overlay-type":"","overlay-color":"","overlay-opacity":"","overlay-gradient":""},"tablet":{"background-color":"var(--ast-global-color-5)","background-image":"","background-repeat":"repeat","background-position":"center center","background-size":"auto","background-attachment":"scroll","background-type":"","background-media":"","overlay-type":"","overlay-color":"","overlay-opacity":"","overlay-gradient":""},"mobile":{"background-color":"var(--ast-global-color-5)","background-image":"","background-repeat":"repeat","background-position":"center center","background-size":"auto","background-attachment":"scroll","background-type":"","background-media":"","overlay-type":"","overlay-color":"","overlay-opacity":"","overlay-gradient":""}},"_joinchat":[]},"product_brand":[],"product_cat":[18],"product_tag":[],"class_list":{"0":"post-750","1":"product","2":"type-product","3":"status-publish","4":"has-post-thumbnail","6":"product_cat-non-classe","7":"desktop-align-left","8":"tablet-align-left","9":"mobile-align-left","11":"first","12":"instock","13":"taxable","14":"shipping-taxable","15":"purchasable","16":"product-type-variable"},"yoast_head":"<!-- This site is optimized with the Yoast SEO plugin v26.5 - https:\/\/yoast.com\/wordpress\/plugins\/seo\/ -->\n<title>Transport A\u00e9roport H\u00f4tel - omrasansagence<\/title>\n<meta name=\"description\" content=\"Vous d\u00e9barquez ou embarquez de l\u2019a\u00e9roport international \u00e0 M\u00e9dine. Laissez vous transporter par votre chauffeur priv\u00e9 jusqu&#039;\u00e0 votre h\u00f4tel \u00e0 M\u00e9dine.\" \/>\n<meta name=\"robots\" content=\"index, follow, max-snippet:-1, max-image-preview:large, max-video-preview:-1\" \/>\n<link rel=\"canonical\" href=\"https:\/\/omrasansagence.fr\/en\/produit\/transport-aeroport-hotel\/\" \/>\n<meta property=\"og:locale\" content=\"en_GB\" \/>\n<meta property=\"og:type\" content=\"article\" \/>\n<meta property=\"og:title\" content=\"Transport A\u00e9roport H\u00f4tel - omrasansagence\" \/>\n<meta property=\"og:description\" content=\"Vous d\u00e9barquez ou embarquez de l\u2019a\u00e9roport international \u00e0 M\u00e9dine. Laissez vous transporter par votre chauffeur priv\u00e9 jusqu&#039;\u00e0 votre h\u00f4tel \u00e0 M\u00e9dine.\" \/>\n<meta property=\"og:url\" content=\"https:\/\/omrasansagence.fr\/en\/produit\/transport-aeroport-hotel\/\" \/>\n<meta property=\"og:site_name\" content=\"omrasansagence\" \/>\n<meta property=\"article:modified_time\" content=\"2026-03-31T21:31:38+00:00\" \/>\n<meta property=\"og:image\" content=\"https:\/\/omrasansagence.fr\/wp-content\/uploads\/2023\/02\/aeroport-me\u0301dine.jpg\" \/>\n\t<meta property=\"og:image:width\" content=\"400\" \/>\n\t<meta property=\"og:image:height\" content=\"399\" \/>\n\t<meta property=\"og:image:type\" content=\"image\/jpeg\" \/>\n<meta name=\"twitter:card\" content=\"summary_large_image\" \/>\n<meta name=\"twitter:label1\" content=\"Estimated reading time\" \/>\n\t<meta name=\"twitter:data1\" content=\"1 minute\" \/>\n<script type=\"application\/ld+json\" class=\"yoast-schema-graph\">{\"@context\":\"https:\/\/schema.org\",\"@graph\":[{\"@type\":[\"WebPage\",\"CheckoutPage\"],\"@id\":\"https:\/\/omrasansagence.fr\/produit\/transport-aeroport-hotel\/\",\"url\":\"https:\/\/omrasansagence.fr\/produit\/transport-aeroport-hotel\/\",\"name\":\"Transport A\u00e9roport H\u00f4tel - omrasansagence\",\"isPartOf\":{\"@id\":\"https:\/\/omrasansagence.fr\/#website\"},\"primaryImageOfPage\":{\"@id\":\"https:\/\/omrasansagence.fr\/produit\/transport-aeroport-hotel\/#primaryimage\"},\"image\":{\"@id\":\"https:\/\/omrasansagence.fr\/produit\/transport-aeroport-hotel\/#primaryimage\"},\"thumbnailUrl\":\"https:\/\/omrasansagence.fr\/wp-content\/uploads\/2023\/02\/aeroport-me\u0301dine.jpg\",\"datePublished\":\"2023-02-17T09:38:46+00:00\",\"dateModified\":\"2026-03-31T21:31:38+00:00\",\"description\":\"Vous d\u00e9barquez ou embarquez de l\u2019a\u00e9roport international \u00e0 M\u00e9dine. Laissez vous transporter par votre chauffeur priv\u00e9 jusqu'\u00e0 votre h\u00f4tel \u00e0 M\u00e9dine.\",\"breadcrumb\":{\"@id\":\"https:\/\/omrasansagence.fr\/produit\/transport-aeroport-hotel\/#breadcrumb\"},\"inLanguage\":\"en-GB\",\"potentialAction\":[{\"@type\":\"ReadAction\",\"target\":[\"https:\/\/omrasansagence.fr\/produit\/transport-aeroport-hotel\/\"]}]},{\"@type\":\"ImageObject\",\"inLanguage\":\"en-GB\",\"@id\":\"https:\/\/omrasansagence.fr\/produit\/transport-aeroport-hotel\/#primaryimage\",\"url\":\"https:\/\/omrasansagence.fr\/wp-content\/uploads\/2023\/02\/aeroport-me\u0301dine.jpg\",\"contentUrl\":\"https:\/\/omrasansagence.fr\/wp-content\/uploads\/2023\/02\/aeroport-me\u0301dine.jpg\",\"width\":400,\"height\":399,\"caption\":\"a\u00e9roport de m\u00e9dine\"},{\"@type\":\"BreadcrumbList\",\"@id\":\"https:\/\/omrasansagence.fr\/produit\/transport-aeroport-hotel\/#breadcrumb\",\"itemListElement\":[{\"@type\":\"ListItem\",\"position\":1,\"name\":\"Accueil\",\"item\":\"https:\/\/omrasansagence.fr\/\"},{\"@type\":\"ListItem\",\"position\":2,\"name\":\"Boutique\",\"item\":\"https:\/\/omrasansagence.fr\/boutique\/\"},{\"@type\":\"ListItem\",\"position\":3,\"name\":\"Transport A\u00e9roport H\u00f4tel\"}]},{\"@type\":\"WebSite\",\"@id\":\"https:\/\/omrasansagence.fr\/#website\",\"url\":\"https:\/\/omrasansagence.fr\/\",\"name\":\"omrasansagence\",\"description\":\"\",\"publisher\":{\"@id\":\"https:\/\/omrasansagence.fr\/#organization\"},\"potentialAction\":[{\"@type\":\"SearchAction\",\"target\":{\"@type\":\"EntryPoint\",\"urlTemplate\":\"https:\/\/omrasansagence.fr\/?s={search_term_string}\"},\"query-input\":{\"@type\":\"PropertyValueSpecification\",\"valueRequired\":true,\"valueName\":\"search_term_string\"}}],\"inLanguage\":\"en-GB\"},{\"@type\":\"Organization\",\"@id\":\"https:\/\/omrasansagence.fr\/#organization\",\"name\":\"omrasansagence\",\"url\":\"https:\/\/omrasansagence.fr\/\",\"logo\":{\"@type\":\"ImageObject\",\"inLanguage\":\"en-GB\",\"@id\":\"https:\/\/omrasansagence.fr\/#\/schema\/logo\/image\/\",\"url\":\"https:\/\/omrasansagence.fr\/wp-content\/uploads\/2023\/07\/cropped-logo-ton-guide-Omra-fond-blanc-e1690744840430.png\",\"contentUrl\":\"https:\/\/omrasansagence.fr\/wp-content\/uploads\/2023\/07\/cropped-logo-ton-guide-Omra-fond-blanc-e1690744840430.png\",\"width\":186,\"height\":202,\"caption\":\"omrasansagence\"},\"image\":{\"@id\":\"https:\/\/omrasansagence.fr\/#\/schema\/logo\/image\/\"}}]}<\/script>\n<!-- \/ Yoast SEO plugin. -->","yoast_head_json":{"title":"Transport A\u00e9roport H\u00f4tel - omrasansagence","description":"Vous d\u00e9barquez ou embarquez de l\u2019a\u00e9roport international \u00e0 M\u00e9dine. Laissez vous transporter par votre chauffeur priv\u00e9 jusqu'\u00e0 votre h\u00f4tel \u00e0 M\u00e9dine.","robots":{"index":"index","follow":"follow","max-snippet":"max-snippet:-1","max-image-preview":"max-image-preview:large","max-video-preview":"max-video-preview:-1"},"canonical":"https:\/\/omrasansagence.fr\/en\/produit\/transport-aeroport-hotel\/","og_locale":"en_GB","og_type":"article","og_title":"Transport A\u00e9roport H\u00f4tel - omrasansagence","og_description":"Vous d\u00e9barquez ou embarquez de l\u2019a\u00e9roport international \u00e0 M\u00e9dine. Laissez vous transporter par votre chauffeur priv\u00e9 jusqu'\u00e0 votre h\u00f4tel \u00e0 M\u00e9dine.","og_url":"https:\/\/omrasansagence.fr\/en\/produit\/transport-aeroport-hotel\/","og_site_name":"omrasansagence","article_modified_time":"2026-03-31T21:31:38+00:00","og_image":[{"width":400,"height":399,"url":"https:\/\/omrasansagence.fr\/wp-content\/uploads\/2023\/02\/aeroport-me\u0301dine.jpg","type":"image\/jpeg"}],"twitter_card":"summary_large_image","twitter_misc":{"Estimated reading time":"1 minute"},"schema":{"@context":"https:\/\/schema.org","@graph":[{"@type":["WebPage","CheckoutPage"],"@id":"https:\/\/omrasansagence.fr\/produit\/transport-aeroport-hotel\/","url":"https:\/\/omrasansagence.fr\/produit\/transport-aeroport-hotel\/","name":"Transport A\u00e9roport H\u00f4tel - omrasansagence","isPartOf":{"@id":"https:\/\/omrasansagence.fr\/#website"},"primaryImageOfPage":{"@id":"https:\/\/omrasansagence.fr\/produit\/transport-aeroport-hotel\/#primaryimage"},"image":{"@id":"https:\/\/omrasansagence.fr\/produit\/transport-aeroport-hotel\/#primaryimage"},"thumbnailUrl":"https:\/\/omrasansagence.fr\/wp-content\/uploads\/2023\/02\/aeroport-me\u0301dine.jpg","datePublished":"2023-02-17T09:38:46+00:00","dateModified":"2026-03-31T21:31:38+00:00","description":"Vous d\u00e9barquez ou embarquez de l\u2019a\u00e9roport international \u00e0 M\u00e9dine. Laissez vous transporter par votre chauffeur priv\u00e9 jusqu'\u00e0 votre h\u00f4tel \u00e0 M\u00e9dine.","breadcrumb":{"@id":"https:\/\/omrasansagence.fr\/produit\/transport-aeroport-hotel\/#breadcrumb"},"inLanguage":"en-GB","potentialAction":[{"@type":"ReadAction","target":["https:\/\/omrasansagence.fr\/produit\/transport-aeroport-hotel\/"]}]},{"@type":"ImageObject","inLanguage":"en-GB","@id":"https:\/\/omrasansagence.fr\/produit\/transport-aeroport-hotel\/#primaryimage","url":"https:\/\/omrasansagence.fr\/wp-content\/uploads\/2023\/02\/aeroport-me\u0301dine.jpg","contentUrl":"https:\/\/omrasansagence.fr\/wp-content\/uploads\/2023\/02\/aeroport-me\u0301dine.jpg","width":400,"height":399,"caption":"a\u00e9roport de m\u00e9dine"},{"@type":"BreadcrumbList","@id":"https:\/\/omrasansagence.fr\/produit\/transport-aeroport-hotel\/#breadcrumb","itemListElement":[{"@type":"ListItem","position":1,"name":"Accueil","item":"https:\/\/omrasansagence.fr\/"},{"@type":"ListItem","position":2,"name":"Boutique","item":"https:\/\/omrasansagence.fr\/boutique\/"},{"@type":"ListItem","position":3,"name":"Transport A\u00e9roport H\u00f4tel"}]},{"@type":"WebSite","@id":"https:\/\/omrasansagence.fr\/#website","url":"https:\/\/omrasansagence.fr\/","name":"omrasansagence","description":"","publisher":{"@id":"https:\/\/omrasansagence.fr\/#organization"},"potentialAction":[{"@type":"SearchAction","target":{"@type":"EntryPoint","urlTemplate":"https:\/\/omrasansagence.fr\/?s={search_term_string}"},"query-input":{"@type":"PropertyValueSpecification","valueRequired":true,"valueName":"search_term_string"}}],"inLanguage":"en-GB"},{"@type":"Organization","@id":"https:\/\/omrasansagence.fr\/#organization","name":"omrasansagence","url":"https:\/\/omrasansagence.fr\/","logo":{"@type":"ImageObject","inLanguage":"en-GB","@id":"https:\/\/omrasansagence.fr\/#\/schema\/logo\/image\/","url":"https:\/\/omrasansagence.fr\/wp-content\/uploads\/2023\/07\/cropped-logo-ton-guide-Omra-fond-blanc-e1690744840430.png","contentUrl":"https:\/\/omrasansagence.fr\/wp-content\/uploads\/2023\/07\/cropped-logo-ton-guide-Omra-fond-blanc-e1690744840430.png","width":186,"height":202,"caption":"omrasansagence"},"image":{"@id":"https:\/\/omrasansagence.fr\/#\/schema\/logo\/image\/"}}]}},"_links":{"self":[{"href":"https:\/\/omrasansagence.fr\/en\/wp-json\/wp\/v2\/product\/750","targetHints":{"allow":["GET"]}}],"collection":[{"href":"https:\/\/omrasansagence.fr\/en\/wp-json\/wp\/v2\/product"}],"about":[{"href":"https:\/\/omrasansagence.fr\/en\/wp-json\/wp\/v2\/types\/product"}],"replies":[{"embeddable":true,"href":"https:\/\/omrasansagence.fr\/en\/wp-json\/wp\/v2\/comments?post=750"}],"wp:featuredmedia":[{"embeddable":true,"href":"https:\/\/omrasansagence.fr\/en\/wp-json\/wp\/v2\/media\/955"}],"wp:attachment":[{"href":"https:\/\/omrasansagence.fr\/en\/wp-json\/wp\/v2\/media?parent=750"}],"wp:term":[{"taxonomy":"product_brand","embeddable":true,"href":"https:\/\/omrasansagence.fr\/en\/wp-json\/wp\/v2\/product_brand?post=750"},{"taxonomy":"product_cat","embeddable":true,"href":"https:\/\/omrasansagence.fr\/en\/wp-json\/wp\/v2\/product_cat?post=750"},{"taxonomy":"product_tag","embeddable":true,"href":"https:\/\/omrasansagence.fr\/en\/wp-json\/wp\/v2\/product_tag?post=750"}],"curies":[{"name":"wp","href":"https:\/\/api.w.org\/{rel}","templated":true}]}}