{"id":754,"date":"2023-02-17T10:40:46","date_gmt":"2023-02-17T09:40:46","guid":{"rendered":"http:\/\/omrasansagence\/?post_type=product&#038;p=754"},"modified":"2026-03-31T23:32:37","modified_gmt":"2026-03-31T21:32:37","slug":"visite-medine","status":"publish","type":"product","link":"https:\/\/omrasansagence.fr\/ar\/produit\/visite-medine\/","title":{"rendered":"Visite de la ville M\u00e9dine"},"content":{"rendered":"<h2 class=\"post-title\"><strong>La ville de M\u00e9dine et ses m\u00e9rites<\/strong><\/h2>\n<p>D&rsquo;apr\u00e8s Jabir (qu&rsquo;Allah l&rsquo;agr\u00e9e), le Proph\u00e8te (que la pri\u00e8re d&rsquo;Allah et son salut soient sur lui) a dit:<\/p>\n<p><strong><em>\u00abLes meilleurs endroits en direction desquels les montures ont \u00e9t\u00e9 mont\u00e9es sont la mosqu\u00e9e de Ibrahim\u00a0<\/em>(*)\u00a0<em>et ma mosqu\u00e9e<\/em>\u00a0(**)<em>\u00bb.<\/em><\/strong><br \/>\n(Rapport\u00e9 par Ahmed et authentifi\u00e9 par Cheikh Albani dans Sahih Targhib n\u00b01206)<\/p>\n<figure class=\"image-align-center\"><\/figure>\n<p>D&rsquo;apr\u00e8s Samita (qu&rsquo;Allah l&rsquo;agr\u00e9e), le Proph\u00e8te (que la pri\u00e8re d&rsquo;Allah et son salut soient sur lui) a dit:<\/p>\n<p><strong><em>\u00abCelui d&rsquo;entre vous qui peut mourir \u00e0 M\u00e9dine qu&rsquo;il le fasse car je suis un intercesseur ou un t\u00e9moin pour celui qui meurt \u00e0 M\u00e9dine\u00bb.<\/em><\/strong><br \/>\n(Rapport\u00e9 par Al Bayhaqi et authentifi\u00e9 par cheikh Albani dans Sahih Targhib n\u00b01195)<\/p>\n<figure class=\"image-align-center\"><\/figure>\n<p>D&rsquo;apr\u00e8s &lsquo;Abdallah Ibn &lsquo;Omar (qu&rsquo;Allah les agr\u00e9e), le Proph\u00e8te (que la pri\u00e8re d&rsquo;Allah et Son salut soient sur lui) a dit:<\/p>\n<p><strong><em>\u00abCelui d&rsquo;entre vous qui peut mourir \u00e0 M\u00e9dine qu&rsquo;il le fasse car je vais certes interc\u00e9der en faveur de celui qui y meurt\u00bb.<\/em><\/strong><br \/>\n(Rapport\u00e9 par Tirmidhi dans ses Sounan n\u00b03917 qui l&rsquo;a authentifi\u00e9 et il a \u00e9galement \u00e9t\u00e9 authentifi\u00e9 par Cheikh Albani dans sa correction de Sounan Tirmidhi)<\/p>\n<figure class=\"image-align-center\"><\/figure>\n<figure class=\"image-align-center\"><\/figure>\n<p>D&rsquo;apr\u00e8s Anas (qu&rsquo;Allah l&rsquo;agr\u00e9e), le Proph\u00e8te (que la pri\u00e8re d&rsquo;Allah et Son salut soient sur lui) a dit:<\/p>\n<p id=\"yui_3_5_0_1_1445804179529_155762\"><strong><em>\u00abIl n&rsquo;y a pas un pays que le dajjal ne foulera pas \u00e0 l&rsquo;exception de La Mecque et de M\u00e9dine.<\/em><\/strong><\/p>\n<h4><strong><em>A chacune de ses portes il y a des anges en rang pour la surveiller.<\/em><\/strong><\/h4>\n<p><strong><em>Il fera une halte dans les marais et la terre tremblera trois fois faisant sortir vers lui tout hypocrite homme et femme\u00bb.<\/em><\/strong><\/p>\n<p>(Rapport\u00e9 par Boukhari dans son Sahih n\u00b01881 et Mouslim dans son Sahih n\u00b02943 et les mots sont ceux de Mouslim)<\/p>\n<h3><strong>Visite de la ville de M\u00e9dine<\/strong><\/h3>\n<p class=\"p1\">M\u00e9dine est l&rsquo;une des <strong>deux villes les plus saintes de l&rsquo;Islam<\/strong>. Destination incontournable pour les millions de p\u00e8lerins qui se rendent en Arabie Saoudite pour accomplir le Hajj ou la Omra, elle se d\u00e9veloppe autour de la Masjid al-Nabawi,<\/p>\n<p class=\"p3\">Le Proph\u00e8te (que la paix soit sur lui) a dit \u00e0 propos de sa mosqu\u00e9e :<\/p>\n<h6 class=\"p1\"><strong>\u201cUne pri\u00e8re dans ma mosqu\u00e9e est plus m\u00e9ritoire de 1000 fois qu\u2019une pri\u00e8re dans toute autre mosqu\u00e9e hormis la Mosqu\u00e9e Sacr\u00e9e\u201d.<\/strong><\/h6>\n<p class=\"p3\">\u00a0Hadith authentique \u2013 Sahih Bukhari et Muslim<\/p>\n<p class=\"p1\">C\u2019est\u00a0<b>la premi\u00e8re cit\u00e9 de l\u2019islam<\/b>\u00a0et la\u00a0<b>deuxi\u00e8me ville sainte<\/b>. Elle est la ville de notre bien aim\u00e9 proph\u00e8te Mohamed (que la paix soit sur lui). C\u2019est la ville o\u00f9\u00a0\u00a0Il a fait l\u2019h\u00e9gire quand les habitants de la Mecque \u00ab les qurayshites \u00bb combattaient son message. C\u2019est dans cette ville que le proph\u00e8te v\u00e9cu les derniers moments de sa vie et c\u2019est aussi \u00e0 M\u00e9dine qu\u2019Il est mort.<\/p>\n<h3 class=\"post-title\"><strong>L&rsquo;arriv\u00e9e \u00e0 M\u00e9dine du Messager<\/strong><\/h3>\n<p>Lorsque les gens de M\u00e9dine parmi les \u00e9migr\u00e9s (al muhajirin) et les auxiliaires (ansar) ont entendu la sortie du Proph\u00e8te (pri\u00e8res et salutations sur Lui) vers eux, ils sortaient tous les matins vers la ville de Harrah attendant l&rsquo;arriv\u00e9e du Messager (pri\u00e8res et salutations sur Lui) et ceux avec Lui, jusqu&rsquo;\u00e0 ce que la chaleur du soleil les firent retourner chez eux.<\/p>\n<p>Et lorsque est venu le jour o\u00f9 le Proph\u00e8te (pri\u00e8res et salutations sur Lui) arriva \u00e0 l&rsquo;apog\u00e9e de la journ\u00e9e et que la chaleur fut intense, ils sont encore retourn\u00e9s vers leurs habitations, mais il y avait un homme parmi les juifs qui a grimp\u00e9 au-dessus d&rsquo;un mur pour chercher quelque chose, et il vu alors le Messager d&rsquo;Allah (pri\u00e8res et salutations sur Lui) et ceux avec lui arriver, comme s&rsquo;ils \u00e9mergeaient (du d\u00e9sert) tel un mirage.<\/p>\n<h4>Il ne pouvait s&#8217;emp\u00eacher de crier au plus fort de sa voix<\/h4>\n<p><strong><em>\u00ab\u00a0\u00d4 les arabes ! <\/em><em>Il y a votre bien aim\u00e9 et fort homme que vous attendez !\u00a0\u00bb<\/em><\/strong><\/p>\n<p>Alors les musulmans se sont pr\u00e9cipit\u00e8rent \u00e0 la rencontre du le Messager d&rsquo;Allah (pri\u00e8res et salutations sur Lui).<\/p>\n<p>Ils prirent avec eux leurs armes comme signe de respect envers le Messager d&rsquo;Allah (pri\u00e8res et salutations sur Lui) et comme signe de leur bonne volont\u00e9 pour prot\u00e9ger la religion, qu&rsquo;Allah les agr\u00e9\u00e9s.<\/p>\n<p>Alors le Messager d&rsquo;Allah (pri\u00e8res et salutations sur Lui) se tourna avec eux vers la droite et descendit sur la terre des bani &lsquo;Amr ibn &lsquo;Awf \u00e0 Quba et Il (pri\u00e8res et salutations sur Lui) y est resta (avec eux) quelques nuits, et Il (pri\u00e8res et salutations sur Lui) y fonda une mosqu\u00e9e , <strong>Masjid Quba<\/strong>.<\/p>\n<p>Ensuite il se rendis vers M\u00e9dine, lui et les gens qui \u00e9taient avec Lui, et d&rsquo;autres qu&rsquo;il croisa sur la route.<\/p>\n<p>Abou Bakr, qu&rsquo;Allah le pr\u00e9serve, a dit:<\/p>\n<p><strong><em>\u00ab\u00a0Les gens sont sortis aussit\u00f4t que nous sommes arriv\u00e9s \u00e0 M\u00e9dine, sur les routes, et au-dessus des maisons, et les enfants et domestiques disaient:<\/em><\/strong><\/p>\n<p><strong><em>\u00ab\u00a0Allah est le plus Grand !\u00a0Le Messager d&rsquo;Allah est arriv\u00e9 !\u00a0\u00bb\u00a0<\/em><\/strong><\/p>\n<p><strong><em>\u00ab\u00a0Allah est le plus Grand ! Le Messager d&rsquo;Allah est arriv\u00e9 !\u00a0\u00bb<\/em><\/strong><\/p>\n<p><strong><em>\u00ab\u00a0Allah est le plus Grand ! Muhammad est arriv\u00e9 !\u00a0\u00bb<\/em><\/strong><\/p>\n<p>Et Anas ibn Malik a dit, qu&rsquo;Allah le pr\u00e9serve:<\/p>\n<h4><strong><em>\u00ab\u00a0J\u2019\u00e9tais anim\u00e9e parmi les jeunes gar\u00e7ons, et \u00e0 cet \u00e9poque, j&rsquo;\u00e9tais un enfant, et les gens disaient: \u00ab\u00a0Muhammad est arriv\u00e9 ! Muhammad est arriv\u00e9 !\u00a0\u00bb<\/em><\/strong><\/h4>\n<p>C&rsquo;est de cette mani\u00e8re que les gens r\u00e9p\u00e9taient, les jeunes et moins jeunes, ils disaient ces paroles, joyeux de l&rsquo;arriv\u00e9e du Messager d&rsquo;Allah (pri\u00e8res et salutations sur Lui) Lui qui est la personne la plus aim\u00e9e pour eux.<\/p>\n<p>Et quelle arriv\u00e9e !<\/p>\n<p>Une arriv\u00e9e qui comble les c\u0153urs, avec joie et bonheurs et qui remplit l&rsquo;horizon de bonheur et de lumi\u00e8re.<\/p>\n<p>Et donc le Proph\u00e8te (pri\u00e8res et salutations sur Lui) est arriv\u00e9 \u00e0 M\u00e9dine, et toutes les tribus parmi les auxiliaires (ansar) discutaient entre eux \u00e0 propos du lieu o\u00f9 la chamelle s&rsquo;arr\u00eatera.<\/p>\n<p>Ils disaient:<\/p>\n<p><strong><em>\u00ab\u00a0Pose-toi chez nous\u00a0<\/em><em>\u00d4 <\/em><em>Messager d\u2019 Allah\u00a0\u00bb<\/em><\/strong><\/p>\n<p><strong><em>\u00ab\u00a0Pose-toi chez nous \u00d4 Messager d\u2019 Allah\u00a0\u00bb<\/em><\/strong><\/p>\n<p>Et le Messager d&rsquo;Allah (pri\u00e8res et salutations sur Lui) leurs dit:<\/p>\n<p><strong><em>\u00a0<\/em><em>\u00ab\u00a0Laissez l\u00e0 (circuler librement) car certes ceci est un commandement (d&rsquo;Allah) car je m&rsquo;installerais l\u00e0 o\u00f9 Allah fait que je m&rsquo;installerais.\u00a0\u00bb<\/em><\/strong><\/p>\n<h5><\/h5>\n<h3 class=\"post-title\"><strong>Les 5 choses importantes a faire a M\u00e9dine:<\/strong><\/h3>\n<p class=\"western\"><span style=\"color: #000000;\"><span style=\"font-family: Arial, sans-serif;\"><span style=\"font-size: medium;\">1\/ Visiter la mosqu\u00e9e du proph\u00e8te Mohamed (que la paix soit sur lui) et y prier au maximum<\/span><\/span><\/span><\/p>\n<p class=\"western\"><span style=\"font-family: Arial, sans-serif;\"><span style=\"font-size: medium;\">2\/ Passer le Salam au proph\u00e8te Mohamed (que la paix soit sur lui)<\/span><\/span><\/p>\n<p class=\"western\"><span style=\"font-family: Arial, sans-serif;\"><span style=\"font-size: medium;\">3\/ Visiter le cimeti\u00e8re d\u2019Al Baqi\u2019<\/span><\/span><\/p>\n<p><span style=\"font-size: medium;\"><span style=\"font-family: Arial, sans-serif;\">4\/<\/span> <span style=\"font-family: Arial, sans-serif;\">Prier deux rak\u2019ats \u00e0 la mosqu\u00e9e de Quba<\/span><\/span><\/p>\n<p><span style=\"font-size: medium;\"><span style=\"font-family: Arial, sans-serif;\">5\/<\/span> <span style=\"font-family: Arial, sans-serif;\">Visiter les Martyrs de Uhud<\/span><\/span><\/p>\n<p>&nbsp;<\/p>\n<h3 class=\"post-title\"><strong>D\u00e9jeuner le matin avec sept dattes de M\u00e9dine<\/strong><\/h3>\n<p>D&rsquo;apr\u00e8s Sa&rsquo;d ibn abi Waqass le Proph\u00e8te -Pri\u00e8res et b\u00e9n\u00e9diction d&rsquo;Allah sur lui- a dit :<\/p>\n<div><em><strong>\u00ab\u00a0Celui qui d\u00e9jeune le matin avec sept dattes de \u00ab al &lsquo;Ajwa \u00bb,\u00a0rien ne pourra lui nuire ce jour-l\u00e0, ni poison et ni sorcellerie\u00a0\u00bb<\/strong><\/em><\/div>\n<div><\/div>\n<div id=\"yui_3_5_0_1_1426030639156_8166\"><span id=\"yui_3_5_0_1_1426030639156_8165\">&#8211; Le Hadith est authentique, il est rapport\u00e9 par Bukhari et Muslim dans son Sahih\u00a0<\/span><\/div>\n<div><\/div>\n<div><strong>\u00ab\u00a0al &lsquo;Ajwa\u00a0\u00bb<\/strong>\u00a0Il s&rsquo;agit d&rsquo;une esp\u00e8ce de dattes qui poussent dans la ville de M\u00e9dine.<\/div>\n<div><\/div>\n<div>Le Proph\u00e8te -Pri\u00e8res et b\u00e9n\u00e9diction d&rsquo;Allah sur lui- la planta de sa main, ce qui lui donne des avantages gr\u00e2ce \u00e0 la b\u00e9n\u00e9diction des plantations du Proph\u00e8te\u00a0-Pri\u00e8res et b\u00e9n\u00e9diction d&rsquo;Allah sur lui-.<\/div>\n<div><\/div>\n<div id=\"yui_3_5_0_1_1426030639156_8171\"><span id=\"yui_3_5_0_1_1426030639156_8170\">&#8211; Les effets gu\u00e9risseurs d&rsquo;al &lsquo;Ajwa continueront jusqu&rsquo;au Jour de la R\u00e9surrection, le Proph\u00e8te\u00a0-Pri\u00e8res et b\u00e9n\u00e9diction d&rsquo;Allah sur lui-\u00a0l&rsquo;affirma de son vivant dans le Hadith de Sa&rsquo;d ibn abi Waqass cit\u00e9 plus haut.\u00a0<\/span><\/div>\n<div><\/div>\n<div id=\"yui_3_5_0_1_1426030639156_8175\">\n<p><span id=\"yui_3_5_0_1_1426030639156_8174\">&#8211; Les effets gu\u00e9risseurs d\u00e9passent ceux d&rsquo;al &lsquo;Ajwa et concernent toutes les dattes de M\u00e9dine, c&rsquo;est justement ce qui ressort du Hadith rapport\u00e9 par Mouslim qui dit :<\/span><\/p>\n<p><strong><em>\u00ab\u00a0Celui qui d\u00e9jeune le matin avec sept dattes \u00ab de ce qui pousse au sein de M\u00e9dine, \u00bb ne sera pas affect\u00e9 par le poison jusqu&rsquo;au soir.\u00a0\u00bb<\/em><\/strong><\/p>\n<\/div>","protected":false},"excerpt":{"rendered":"<p><strong>Chers P\u00e8lerins,<\/strong><\/p>\n<p>Nous sommes ravis de vous accompagner dans votre <strong>voyage sacr\u00e9 de la Omra sans agence<\/strong>. Afin de garantir une exp\u00e9rience personnalis\u00e9e et r\u00e9pondre au mieux \u00e0 vos besoins, nous vous prions de bien vouloir <strong>nous contacter sur WhatsApp avant tout r\u00e8glement.<\/strong><\/p>","protected":false},"featured_media":957,"comment_status":"open","ping_status":"closed","template":"","meta":{"give_campaign_id":0,"site-sidebar-layout":"default","site-content-layout":"default","ast-site-content-layout":"default","site-content-style":"default","site-sidebar-style":"default","ast-global-header-display":"","ast-banner-title-visibility":"","ast-main-header-display":"","ast-hfb-above-header-display":"","ast-hfb-below-header-display":"","ast-hfb-mobile-header-display":"","site-post-title":"","ast-breadcrumbs-content":"","ast-featured-img":"","footer-sml-layout":"","ast-disable-related-posts":"","theme-transparent-header-meta":"default","adv-header-id-meta":"","stick-header-meta":"","header-above-stick-meta":"","header-main-stick-meta":"","header-below-stick-meta":"","astra-migrate-meta-layouts":"default","ast-page-background-enabled":"default","ast-page-background-meta":{"desktop":{"background-color":"","background-image":"","background-repeat":"repeat","background-position":"center center","background-size":"auto","background-attachment":"scroll","background-type":"","background-media":"","overlay-type":"","overlay-color":"","overlay-opacity":"","overlay-gradient":""},"tablet":{"background-color":"","background-image":"","background-repeat":"repeat","background-position":"center center","background-size":"auto","background-attachment":"scroll","background-type":"","background-media":"","overlay-type":"","overlay-color":"","overlay-opacity":"","overlay-gradient":""},"mobile":{"background-color":"","background-image":"","background-repeat":"repeat","background-position":"center center","background-size":"auto","background-attachment":"scroll","background-type":"","background-media":"","overlay-type":"","overlay-color":"","overlay-opacity":"","overlay-gradient":""}},"ast-content-background-meta":{"desktop":{"background-color":"var(--ast-global-color-5)","background-image":"","background-repeat":"repeat","background-position":"center center","background-size":"auto","background-attachment":"scroll","background-type":"","background-media":"","overlay-type":"","overlay-color":"","overlay-opacity":"","overlay-gradient":""},"tablet":{"background-color":"var(--ast-global-color-5)","background-image":"","background-repeat":"repeat","background-position":"center center","background-size":"auto","background-attachment":"scroll","background-type":"","background-media":"","overlay-type":"","overlay-color":"","overlay-opacity":"","overlay-gradient":""},"mobile":{"background-color":"var(--ast-global-color-5)","background-image":"","background-repeat":"repeat","background-position":"center center","background-size":"auto","background-attachment":"scroll","background-type":"","background-media":"","overlay-type":"","overlay-color":"","overlay-opacity":"","overlay-gradient":""}},"_joinchat":[]},"product_brand":[],"product_cat":[18],"product_tag":[],"class_list":{"0":"post-754","1":"product","2":"type-product","3":"status-publish","4":"has-post-thumbnail","6":"product_cat-non-classe","7":"desktop-align-left","8":"tablet-align-left","9":"mobile-align-left","11":"first","12":"instock","13":"taxable","14":"shipping-taxable","15":"purchasable","16":"product-type-variable"},"yoast_head":"<!-- This site is optimized with the Yoast SEO plugin v26.5 - https:\/\/yoast.com\/wordpress\/plugins\/seo\/ -->\n<title>Visite de la ville M\u00e9dine - omrasansagence<\/title>\n<meta name=\"description\" content=\"Votre chauffeur priv\u00e9 vous accueillera afin de vous faire la visite de M\u00e9dine. (Les lieux historiques de la ville de M\u00e9dine)\" \/>\n<meta name=\"robots\" content=\"index, follow, max-snippet:-1, max-image-preview:large, max-video-preview:-1\" \/>\n<link rel=\"canonical\" href=\"https:\/\/omrasansagence.fr\/ar\/produit\/visite-medine\/\" \/>\n<meta property=\"og:locale\" content=\"ar_AR\" \/>\n<meta property=\"og:type\" content=\"article\" \/>\n<meta property=\"og:title\" content=\"Visite de la ville M\u00e9dine - omrasansagence\" \/>\n<meta property=\"og:description\" content=\"Votre chauffeur priv\u00e9 vous accueillera afin de vous faire la visite de M\u00e9dine. (Les lieux historiques de la ville de M\u00e9dine)\" \/>\n<meta property=\"og:url\" content=\"https:\/\/omrasansagence.fr\/ar\/produit\/visite-medine\/\" \/>\n<meta property=\"og:site_name\" content=\"omrasansagence\" \/>\n<meta property=\"article:modified_time\" content=\"2026-03-31T21:32:37+00:00\" \/>\n<meta property=\"og:image\" content=\"https:\/\/omrasansagence.fr\/wp-content\/uploads\/2023\/02\/ville-de-me\u0301dine-1.jpg\" \/>\n\t<meta property=\"og:image:width\" content=\"400\" \/>\n\t<meta property=\"og:image:height\" content=\"552\" \/>\n\t<meta property=\"og:image:type\" content=\"image\/jpeg\" \/>\n<meta name=\"twitter:card\" content=\"summary_large_image\" \/>\n<meta name=\"twitter:label1\" content=\"\u0648\u0642\u062a \u0627\u0644\u0642\u0631\u0627\u0621\u0629 \u0627\u0644\u0645\u064f\u0642\u062f\u0651\u0631\" \/>\n\t<meta name=\"twitter:data1\" content=\"7 \u062f\u0642\u0627\u0626\u0642\" \/>\n<script type=\"application\/ld+json\" class=\"yoast-schema-graph\">{\"@context\":\"https:\/\/schema.org\",\"@graph\":[{\"@type\":[\"WebPage\",\"CheckoutPage\"],\"@id\":\"https:\/\/omrasansagence.fr\/produit\/visite-medine\/\",\"url\":\"https:\/\/omrasansagence.fr\/produit\/visite-medine\/\",\"name\":\"Visite de la ville M\u00e9dine - omrasansagence\",\"isPartOf\":{\"@id\":\"https:\/\/omrasansagence.fr\/#website\"},\"primaryImageOfPage\":{\"@id\":\"https:\/\/omrasansagence.fr\/produit\/visite-medine\/#primaryimage\"},\"image\":{\"@id\":\"https:\/\/omrasansagence.fr\/produit\/visite-medine\/#primaryimage\"},\"thumbnailUrl\":\"https:\/\/omrasansagence.fr\/wp-content\/uploads\/2023\/02\/ville-de-me\u0301dine-1.jpg\",\"datePublished\":\"2023-02-17T09:40:46+00:00\",\"dateModified\":\"2026-03-31T21:32:37+00:00\",\"description\":\"Votre chauffeur priv\u00e9 vous accueillera afin de vous faire la visite de M\u00e9dine. (Les lieux historiques de la ville de M\u00e9dine)\",\"breadcrumb\":{\"@id\":\"https:\/\/omrasansagence.fr\/produit\/visite-medine\/#breadcrumb\"},\"inLanguage\":\"ar\",\"potentialAction\":[{\"@type\":\"ReadAction\",\"target\":[\"https:\/\/omrasansagence.fr\/produit\/visite-medine\/\"]}]},{\"@type\":\"ImageObject\",\"inLanguage\":\"ar\",\"@id\":\"https:\/\/omrasansagence.fr\/produit\/visite-medine\/#primaryimage\",\"url\":\"https:\/\/omrasansagence.fr\/wp-content\/uploads\/2023\/02\/ville-de-me\u0301dine-1.jpg\",\"contentUrl\":\"https:\/\/omrasansagence.fr\/wp-content\/uploads\/2023\/02\/ville-de-me\u0301dine-1.jpg\",\"width\":400,\"height\":552,\"caption\":\"ville de m\u00e9dine\"},{\"@type\":\"BreadcrumbList\",\"@id\":\"https:\/\/omrasansagence.fr\/produit\/visite-medine\/#breadcrumb\",\"itemListElement\":[{\"@type\":\"ListItem\",\"position\":1,\"name\":\"Accueil\",\"item\":\"https:\/\/omrasansagence.fr\/\"},{\"@type\":\"ListItem\",\"position\":2,\"name\":\"Boutique\",\"item\":\"https:\/\/omrasansagence.fr\/boutique\/\"},{\"@type\":\"ListItem\",\"position\":3,\"name\":\"Visite de la ville M\u00e9dine\"}]},{\"@type\":\"WebSite\",\"@id\":\"https:\/\/omrasansagence.fr\/#website\",\"url\":\"https:\/\/omrasansagence.fr\/\",\"name\":\"omrasansagence\",\"description\":\"\",\"publisher\":{\"@id\":\"https:\/\/omrasansagence.fr\/#organization\"},\"potentialAction\":[{\"@type\":\"SearchAction\",\"target\":{\"@type\":\"EntryPoint\",\"urlTemplate\":\"https:\/\/omrasansagence.fr\/?s={search_term_string}\"},\"query-input\":{\"@type\":\"PropertyValueSpecification\",\"valueRequired\":true,\"valueName\":\"search_term_string\"}}],\"inLanguage\":\"ar\"},{\"@type\":\"Organization\",\"@id\":\"https:\/\/omrasansagence.fr\/#organization\",\"name\":\"omrasansagence\",\"url\":\"https:\/\/omrasansagence.fr\/\",\"logo\":{\"@type\":\"ImageObject\",\"inLanguage\":\"ar\",\"@id\":\"https:\/\/omrasansagence.fr\/#\/schema\/logo\/image\/\",\"url\":\"https:\/\/omrasansagence.fr\/wp-content\/uploads\/2023\/07\/cropped-logo-ton-guide-Omra-fond-blanc-e1690744840430.png\",\"contentUrl\":\"https:\/\/omrasansagence.fr\/wp-content\/uploads\/2023\/07\/cropped-logo-ton-guide-Omra-fond-blanc-e1690744840430.png\",\"width\":186,\"height\":202,\"caption\":\"omrasansagence\"},\"image\":{\"@id\":\"https:\/\/omrasansagence.fr\/#\/schema\/logo\/image\/\"}}]}<\/script>\n<!-- \/ Yoast SEO plugin. -->","yoast_head_json":{"title":"Visite de la ville M\u00e9dine - omrasansagence","description":"Votre chauffeur priv\u00e9 vous accueillera afin de vous faire la visite de M\u00e9dine. (Les lieux historiques de la ville de M\u00e9dine)","robots":{"index":"index","follow":"follow","max-snippet":"max-snippet:-1","max-image-preview":"max-image-preview:large","max-video-preview":"max-video-preview:-1"},"canonical":"https:\/\/omrasansagence.fr\/ar\/produit\/visite-medine\/","og_locale":"ar_AR","og_type":"article","og_title":"Visite de la ville M\u00e9dine - omrasansagence","og_description":"Votre chauffeur priv\u00e9 vous accueillera afin de vous faire la visite de M\u00e9dine. (Les lieux historiques de la ville de M\u00e9dine)","og_url":"https:\/\/omrasansagence.fr\/ar\/produit\/visite-medine\/","og_site_name":"omrasansagence","article_modified_time":"2026-03-31T21:32:37+00:00","og_image":[{"width":400,"height":552,"url":"https:\/\/omrasansagence.fr\/wp-content\/uploads\/2023\/02\/ville-de-me\u0301dine-1.jpg","type":"image\/jpeg"}],"twitter_card":"summary_large_image","twitter_misc":{"\u0648\u0642\u062a \u0627\u0644\u0642\u0631\u0627\u0621\u0629 \u0627\u0644\u0645\u064f\u0642\u062f\u0651\u0631":"7 \u062f\u0642\u0627\u0626\u0642"},"schema":{"@context":"https:\/\/schema.org","@graph":[{"@type":["WebPage","CheckoutPage"],"@id":"https:\/\/omrasansagence.fr\/produit\/visite-medine\/","url":"https:\/\/omrasansagence.fr\/produit\/visite-medine\/","name":"Visite de la ville M\u00e9dine - omrasansagence","isPartOf":{"@id":"https:\/\/omrasansagence.fr\/#website"},"primaryImageOfPage":{"@id":"https:\/\/omrasansagence.fr\/produit\/visite-medine\/#primaryimage"},"image":{"@id":"https:\/\/omrasansagence.fr\/produit\/visite-medine\/#primaryimage"},"thumbnailUrl":"https:\/\/omrasansagence.fr\/wp-content\/uploads\/2023\/02\/ville-de-me\u0301dine-1.jpg","datePublished":"2023-02-17T09:40:46+00:00","dateModified":"2026-03-31T21:32:37+00:00","description":"Votre chauffeur priv\u00e9 vous accueillera afin de vous faire la visite de M\u00e9dine. (Les lieux historiques de la ville de M\u00e9dine)","breadcrumb":{"@id":"https:\/\/omrasansagence.fr\/produit\/visite-medine\/#breadcrumb"},"inLanguage":"ar","potentialAction":[{"@type":"ReadAction","target":["https:\/\/omrasansagence.fr\/produit\/visite-medine\/"]}]},{"@type":"ImageObject","inLanguage":"ar","@id":"https:\/\/omrasansagence.fr\/produit\/visite-medine\/#primaryimage","url":"https:\/\/omrasansagence.fr\/wp-content\/uploads\/2023\/02\/ville-de-me\u0301dine-1.jpg","contentUrl":"https:\/\/omrasansagence.fr\/wp-content\/uploads\/2023\/02\/ville-de-me\u0301dine-1.jpg","width":400,"height":552,"caption":"ville de m\u00e9dine"},{"@type":"BreadcrumbList","@id":"https:\/\/omrasansagence.fr\/produit\/visite-medine\/#breadcrumb","itemListElement":[{"@type":"ListItem","position":1,"name":"Accueil","item":"https:\/\/omrasansagence.fr\/"},{"@type":"ListItem","position":2,"name":"Boutique","item":"https:\/\/omrasansagence.fr\/boutique\/"},{"@type":"ListItem","position":3,"name":"Visite de la ville M\u00e9dine"}]},{"@type":"WebSite","@id":"https:\/\/omrasansagence.fr\/#website","url":"https:\/\/omrasansagence.fr\/","name":"omrasansagence","description":"","publisher":{"@id":"https:\/\/omrasansagence.fr\/#organization"},"potentialAction":[{"@type":"SearchAction","target":{"@type":"EntryPoint","urlTemplate":"https:\/\/omrasansagence.fr\/?s={search_term_string}"},"query-input":{"@type":"PropertyValueSpecification","valueRequired":true,"valueName":"search_term_string"}}],"inLanguage":"ar"},{"@type":"Organization","@id":"https:\/\/omrasansagence.fr\/#organization","name":"omrasansagence","url":"https:\/\/omrasansagence.fr\/","logo":{"@type":"ImageObject","inLanguage":"ar","@id":"https:\/\/omrasansagence.fr\/#\/schema\/logo\/image\/","url":"https:\/\/omrasansagence.fr\/wp-content\/uploads\/2023\/07\/cropped-logo-ton-guide-Omra-fond-blanc-e1690744840430.png","contentUrl":"https:\/\/omrasansagence.fr\/wp-content\/uploads\/2023\/07\/cropped-logo-ton-guide-Omra-fond-blanc-e1690744840430.png","width":186,"height":202,"caption":"omrasansagence"},"image":{"@id":"https:\/\/omrasansagence.fr\/#\/schema\/logo\/image\/"}}]}},"_links":{"self":[{"href":"https:\/\/omrasansagence.fr\/ar\/wp-json\/wp\/v2\/product\/754","targetHints":{"allow":["GET"]}}],"collection":[{"href":"https:\/\/omrasansagence.fr\/ar\/wp-json\/wp\/v2\/product"}],"about":[{"href":"https:\/\/omrasansagence.fr\/ar\/wp-json\/wp\/v2\/types\/product"}],"replies":[{"embeddable":true,"href":"https:\/\/omrasansagence.fr\/ar\/wp-json\/wp\/v2\/comments?post=754"}],"wp:featuredmedia":[{"embeddable":true,"href":"https:\/\/omrasansagence.fr\/ar\/wp-json\/wp\/v2\/media\/957"}],"wp:attachment":[{"href":"https:\/\/omrasansagence.fr\/ar\/wp-json\/wp\/v2\/media?parent=754"}],"wp:term":[{"taxonomy":"product_brand","embeddable":true,"href":"https:\/\/omrasansagence.fr\/ar\/wp-json\/wp\/v2\/product_brand?post=754"},{"taxonomy":"product_cat","embeddable":true,"href":"https:\/\/omrasansagence.fr\/ar\/wp-json\/wp\/v2\/product_cat?post=754"},{"taxonomy":"product_tag","embeddable":true,"href":"https:\/\/omrasansagence.fr\/ar\/wp-json\/wp\/v2\/product_tag?post=754"}],"curies":[{"name":"wp","href":"https:\/\/api.w.org\/{rel}","templated":true}]}}