{"id":1214,"date":"2023-02-22T14:20:06","date_gmt":"2023-02-22T13:20:06","guid":{"rendered":"https:\/\/omrasansagence.fr\/?post_type=product&#038;p=1214"},"modified":"2026-03-22T10:14:06","modified_gmt":"2026-03-22T09:14:06","slug":"transfert-gare-hotel-medine","status":"publish","type":"product","link":"https:\/\/omrasansagence.fr\/ar\/produit\/transfert-gare-hotel-medine\/","title":{"rendered":"Transfert Gare <-> H\u00f4tel M\u00e9dine"},"content":{"rendered":"<h2>Transfert gare vers l&rsquo;h\u00f4tel<\/h2>\n<p><span style=\"color: #000000;\"><span style=\"font-family: Arial, sans-serif;\"><span style=\"font-size: medium;\">Vous d\u00e9barquez ou embarquez de la gare de M\u00e9dine, Laissez vous transporter par Votre chauffeur priv\u00e9 jusqu&rsquo;\u00e0 votre h\u00f4tel \u00e0 M\u00e9dine. Des prix fixes quel que soit le trafic, des conseils pour arriver le plus sereinement possible et des v\u00e9hicules assurant le confort id\u00e9al pour commencer ou finir votre s\u00e9jour en beaut\u00e9. <\/span><\/span><\/span><\/p>\n<p>Il est possible d\u2019inverser le transfert en commen\u00e7ant par l\u2019h\u00f4tel pour finir a la gare.<\/p>\n<p><strong>Pourquoi nous contacter sur WhatsApp ?<\/strong><\/p>\n<ol>\n<li><strong>Personnalisation de l&rsquo;Accompagnement :<\/strong> Chaque p\u00e8lerin est unique, et nous souhaitons adapter nos services \u00e0 vos attentes sp\u00e9cifiques. En nous contactant, nous pourrons discuter de vos besoins individuels.<\/li>\n<li><strong>Validation des Dates et Heures :<\/strong> Nous voulons nous assurer que les dates et les heures correspondent \u00e0 vos pr\u00e9f\u00e9rences. En nous contactant, nous pourrons valider ensemble les d\u00e9tails de votre accompagnement.<\/li>\n<li><strong>Assurance d&rsquo;un Service Optimal :<\/strong> En communiquant directement avec vous, nous pouvons garantir que chaque d\u00e9tail est pris en compte pour rendre votre exp\u00e9rience de la Omra sans agence inoubliable.<\/li>\n<\/ol>\n<h6>Nous sommes impatients de faire de votre exp\u00e9rience de la Omra un moment inoubliable.<\/h6>\n<p>Cordialement, L&rsquo;\u00e9quipe <strong>\u0627\u0644\u0639\u0645\u0631\u0629 \u062f\u0648\u0646 \u0648\u0643\u0627\u0644\u0629<\/strong><\/p>\n<p>&nbsp;<\/p>","protected":false},"excerpt":{"rendered":"<p><strong>Chers P\u00e8lerins,<\/strong><\/p>\n<p>Nous sommes ravis de vous accompagner dans votre <strong>voyage sacr\u00e9 de la Omra sans agence<\/strong>. Afin de garantir une exp\u00e9rience personnalis\u00e9e et r\u00e9pondre au mieux \u00e0 vos besoins, nous vous prions de bien vouloir <strong>nous contacter sur WhatsApp avant tout r\u00e8glement.<\/strong><\/p>","protected":false},"featured_media":956,"comment_status":"open","ping_status":"closed","template":"","meta":{"give_campaign_id":0,"site-sidebar-layout":"default","site-content-layout":"default","ast-site-content-layout":"default","site-content-style":"default","site-sidebar-style":"default","ast-global-header-display":"","ast-banner-title-visibility":"","ast-main-header-display":"","ast-hfb-above-header-display":"","ast-hfb-below-header-display":"","ast-hfb-mobile-header-display":"","site-post-title":"","ast-breadcrumbs-content":"","ast-featured-img":"","footer-sml-layout":"","ast-disable-related-posts":"","theme-transparent-header-meta":"default","adv-header-id-meta":"","stick-header-meta":"","header-above-stick-meta":"","header-main-stick-meta":"","header-below-stick-meta":"","astra-migrate-meta-layouts":"default","ast-page-background-enabled":"default","ast-page-background-meta":{"desktop":{"background-color":"","background-image":"","background-repeat":"repeat","background-position":"center center","background-size":"auto","background-attachment":"scroll","background-type":"","background-media":"","overlay-type":"","overlay-color":"","overlay-opacity":"","overlay-gradient":""},"tablet":{"background-color":"","background-image":"","background-repeat":"repeat","background-position":"center center","background-size":"auto","background-attachment":"scroll","background-type":"","background-media":"","overlay-type":"","overlay-color":"","overlay-opacity":"","overlay-gradient":""},"mobile":{"background-color":"","background-image":"","background-repeat":"repeat","background-position":"center center","background-size":"auto","background-attachment":"scroll","background-type":"","background-media":"","overlay-type":"","overlay-color":"","overlay-opacity":"","overlay-gradient":""}},"ast-content-background-meta":{"desktop":{"background-color":"var(--ast-global-color-5)","background-image":"","background-repeat":"repeat","background-position":"center center","background-size":"auto","background-attachment":"scroll","background-type":"","background-media":"","overlay-type":"","overlay-color":"","overlay-opacity":"","overlay-gradient":""},"tablet":{"background-color":"var(--ast-global-color-5)","background-image":"","background-repeat":"repeat","background-position":"center center","background-size":"auto","background-attachment":"scroll","background-type":"","background-media":"","overlay-type":"","overlay-color":"","overlay-opacity":"","overlay-gradient":""},"mobile":{"background-color":"var(--ast-global-color-5)","background-image":"","background-repeat":"repeat","background-position":"center center","background-size":"auto","background-attachment":"scroll","background-type":"","background-media":"","overlay-type":"","overlay-color":"","overlay-opacity":"","overlay-gradient":""}},"_joinchat":[]},"product_brand":[],"product_cat":[18],"product_tag":[],"class_list":{"0":"post-1214","1":"product","2":"type-product","3":"status-publish","4":"has-post-thumbnail","6":"product_cat-non-classe","7":"desktop-align-left","8":"tablet-align-left","9":"mobile-align-left","11":"first","12":"instock","13":"taxable","14":"shipping-taxable","15":"purchasable","16":"product-type-variable"},"yoast_head":"<!-- This site is optimized with the Yoast SEO plugin v26.5 - https:\/\/yoast.com\/wordpress\/plugins\/seo\/ -->\n<title>Transfert Gare  H\u00f4tel M\u00e9dine - omrasansagence<\/title>\n<meta name=\"description\" content=\"Vous d\u00e9barquez ou embarquez de la gare de M\u00e9dine, Laissez vous transporter par votre chauffeur priv\u00e9 jusqu&#039;\u00e0 votre h\u00f4tel \u00e0 M\u00e9dine\" \/>\n<meta name=\"robots\" content=\"index, follow, max-snippet:-1, max-image-preview:large, max-video-preview:-1\" \/>\n<link rel=\"canonical\" href=\"https:\/\/omrasansagence.fr\/ar\/produit\/transfert-gare-hotel-medine\/\" \/>\n<meta property=\"og:locale\" content=\"ar_AR\" \/>\n<meta property=\"og:type\" content=\"article\" \/>\n<meta property=\"og:title\" content=\"Transfert Gare  H\u00f4tel M\u00e9dine - omrasansagence\" \/>\n<meta property=\"og:description\" content=\"Vous d\u00e9barquez ou embarquez de la gare de M\u00e9dine, Laissez vous transporter par votre chauffeur priv\u00e9 jusqu&#039;\u00e0 votre h\u00f4tel \u00e0 M\u00e9dine\" \/>\n<meta property=\"og:url\" content=\"https:\/\/omrasansagence.fr\/ar\/produit\/transfert-gare-hotel-medine\/\" \/>\n<meta property=\"og:site_name\" content=\"omrasansagence\" \/>\n<meta property=\"article:modified_time\" content=\"2026-03-22T09:14:06+00:00\" \/>\n<meta property=\"og:image\" content=\"https:\/\/omrasansagence.fr\/wp-content\/uploads\/2023\/02\/gare-me\u0301dine.png\" \/>\n\t<meta property=\"og:image:width\" content=\"400\" \/>\n\t<meta property=\"og:image:height\" content=\"225\" \/>\n\t<meta property=\"og:image:type\" content=\"image\/png\" \/>\n<meta name=\"twitter:card\" content=\"summary_large_image\" \/>\n<meta name=\"twitter:label1\" content=\"\u0648\u0642\u062a \u0627\u0644\u0642\u0631\u0627\u0621\u0629 \u0627\u0644\u0645\u064f\u0642\u062f\u0651\u0631\" \/>\n\t<meta name=\"twitter:data1\" content=\"\u062f\u0642\u064a\u0642\u0629 \u0648\u0627\u062d\u062f\u0629\" \/>\n<script type=\"application\/ld+json\" class=\"yoast-schema-graph\">{\"@context\":\"https:\/\/schema.org\",\"@graph\":[{\"@type\":[\"WebPage\",\"CheckoutPage\"],\"@id\":\"https:\/\/omrasansagence.fr\/produit\/transfert-gare-hotel-medine\/\",\"url\":\"https:\/\/omrasansagence.fr\/produit\/transfert-gare-hotel-medine\/\",\"name\":\"Transfert Gare H\u00f4tel M\u00e9dine - omrasansagence\",\"isPartOf\":{\"@id\":\"https:\/\/omrasansagence.fr\/#website\"},\"primaryImageOfPage\":{\"@id\":\"https:\/\/omrasansagence.fr\/produit\/transfert-gare-hotel-medine\/#primaryimage\"},\"image\":{\"@id\":\"https:\/\/omrasansagence.fr\/produit\/transfert-gare-hotel-medine\/#primaryimage\"},\"thumbnailUrl\":\"https:\/\/omrasansagence.fr\/wp-content\/uploads\/2023\/02\/gare-me\u0301dine.png\",\"datePublished\":\"2023-02-22T13:20:06+00:00\",\"dateModified\":\"2026-03-22T09:14:06+00:00\",\"description\":\"Vous d\u00e9barquez ou embarquez de la gare de M\u00e9dine, Laissez vous transporter par votre chauffeur priv\u00e9 jusqu'\u00e0 votre h\u00f4tel \u00e0 M\u00e9dine\",\"breadcrumb\":{\"@id\":\"https:\/\/omrasansagence.fr\/produit\/transfert-gare-hotel-medine\/#breadcrumb\"},\"inLanguage\":\"ar\",\"potentialAction\":[{\"@type\":\"ReadAction\",\"target\":[\"https:\/\/omrasansagence.fr\/produit\/transfert-gare-hotel-medine\/\"]}]},{\"@type\":\"ImageObject\",\"inLanguage\":\"ar\",\"@id\":\"https:\/\/omrasansagence.fr\/produit\/transfert-gare-hotel-medine\/#primaryimage\",\"url\":\"https:\/\/omrasansagence.fr\/wp-content\/uploads\/2023\/02\/gare-me\u0301dine.png\",\"contentUrl\":\"https:\/\/omrasansagence.fr\/wp-content\/uploads\/2023\/02\/gare-me\u0301dine.png\",\"width\":400,\"height\":225,\"caption\":\"gare de m\u00e9dine\"},{\"@type\":\"BreadcrumbList\",\"@id\":\"https:\/\/omrasansagence.fr\/produit\/transfert-gare-hotel-medine\/#breadcrumb\",\"itemListElement\":[{\"@type\":\"ListItem\",\"position\":1,\"name\":\"Accueil\",\"item\":\"https:\/\/omrasansagence.fr\/\"},{\"@type\":\"ListItem\",\"position\":2,\"name\":\"Boutique\",\"item\":\"https:\/\/omrasansagence.fr\/boutique\/\"},{\"@type\":\"ListItem\",\"position\":3,\"name\":\"Transfert Gare H\u00f4tel M\u00e9dine\"}]},{\"@type\":\"WebSite\",\"@id\":\"https:\/\/omrasansagence.fr\/#website\",\"url\":\"https:\/\/omrasansagence.fr\/\",\"name\":\"omrasansagence\",\"description\":\"\",\"publisher\":{\"@id\":\"https:\/\/omrasansagence.fr\/#organization\"},\"potentialAction\":[{\"@type\":\"SearchAction\",\"target\":{\"@type\":\"EntryPoint\",\"urlTemplate\":\"https:\/\/omrasansagence.fr\/?s={search_term_string}\"},\"query-input\":{\"@type\":\"PropertyValueSpecification\",\"valueRequired\":true,\"valueName\":\"search_term_string\"}}],\"inLanguage\":\"ar\"},{\"@type\":\"Organization\",\"@id\":\"https:\/\/omrasansagence.fr\/#organization\",\"name\":\"omrasansagence\",\"url\":\"https:\/\/omrasansagence.fr\/\",\"logo\":{\"@type\":\"ImageObject\",\"inLanguage\":\"ar\",\"@id\":\"https:\/\/omrasansagence.fr\/#\/schema\/logo\/image\/\",\"url\":\"https:\/\/omrasansagence.fr\/wp-content\/uploads\/2023\/07\/cropped-logo-ton-guide-Omra-fond-blanc-e1690744840430.png\",\"contentUrl\":\"https:\/\/omrasansagence.fr\/wp-content\/uploads\/2023\/07\/cropped-logo-ton-guide-Omra-fond-blanc-e1690744840430.png\",\"width\":186,\"height\":202,\"caption\":\"omrasansagence\"},\"image\":{\"@id\":\"https:\/\/omrasansagence.fr\/#\/schema\/logo\/image\/\"}}]}<\/script>\n<!-- \/ Yoast SEO plugin. -->","yoast_head_json":{"title":"Transfert Gare  H\u00f4tel M\u00e9dine - omrasansagence","description":"Vous d\u00e9barquez ou embarquez de la gare de M\u00e9dine, Laissez vous transporter par votre chauffeur priv\u00e9 jusqu'\u00e0 votre h\u00f4tel \u00e0 M\u00e9dine","robots":{"index":"index","follow":"follow","max-snippet":"max-snippet:-1","max-image-preview":"max-image-preview:large","max-video-preview":"max-video-preview:-1"},"canonical":"https:\/\/omrasansagence.fr\/ar\/produit\/transfert-gare-hotel-medine\/","og_locale":"ar_AR","og_type":"article","og_title":"Transfert Gare  H\u00f4tel M\u00e9dine - omrasansagence","og_description":"Vous d\u00e9barquez ou embarquez de la gare de M\u00e9dine, Laissez vous transporter par votre chauffeur priv\u00e9 jusqu'\u00e0 votre h\u00f4tel \u00e0 M\u00e9dine","og_url":"https:\/\/omrasansagence.fr\/ar\/produit\/transfert-gare-hotel-medine\/","og_site_name":"omrasansagence","article_modified_time":"2026-03-22T09:14:06+00:00","og_image":[{"width":400,"height":225,"url":"https:\/\/omrasansagence.fr\/wp-content\/uploads\/2023\/02\/gare-me\u0301dine.png","type":"image\/png"}],"twitter_card":"summary_large_image","twitter_misc":{"\u0648\u0642\u062a \u0627\u0644\u0642\u0631\u0627\u0621\u0629 \u0627\u0644\u0645\u064f\u0642\u062f\u0651\u0631":"\u062f\u0642\u064a\u0642\u0629 \u0648\u0627\u062d\u062f\u0629"},"schema":{"@context":"https:\/\/schema.org","@graph":[{"@type":["WebPage","CheckoutPage"],"@id":"https:\/\/omrasansagence.fr\/produit\/transfert-gare-hotel-medine\/","url":"https:\/\/omrasansagence.fr\/produit\/transfert-gare-hotel-medine\/","name":"Transfert Gare H\u00f4tel M\u00e9dine - omrasansagence","isPartOf":{"@id":"https:\/\/omrasansagence.fr\/#website"},"primaryImageOfPage":{"@id":"https:\/\/omrasansagence.fr\/produit\/transfert-gare-hotel-medine\/#primaryimage"},"image":{"@id":"https:\/\/omrasansagence.fr\/produit\/transfert-gare-hotel-medine\/#primaryimage"},"thumbnailUrl":"https:\/\/omrasansagence.fr\/wp-content\/uploads\/2023\/02\/gare-me\u0301dine.png","datePublished":"2023-02-22T13:20:06+00:00","dateModified":"2026-03-22T09:14:06+00:00","description":"Vous d\u00e9barquez ou embarquez de la gare de M\u00e9dine, Laissez vous transporter par votre chauffeur priv\u00e9 jusqu'\u00e0 votre h\u00f4tel \u00e0 M\u00e9dine","breadcrumb":{"@id":"https:\/\/omrasansagence.fr\/produit\/transfert-gare-hotel-medine\/#breadcrumb"},"inLanguage":"ar","potentialAction":[{"@type":"ReadAction","target":["https:\/\/omrasansagence.fr\/produit\/transfert-gare-hotel-medine\/"]}]},{"@type":"ImageObject","inLanguage":"ar","@id":"https:\/\/omrasansagence.fr\/produit\/transfert-gare-hotel-medine\/#primaryimage","url":"https:\/\/omrasansagence.fr\/wp-content\/uploads\/2023\/02\/gare-me\u0301dine.png","contentUrl":"https:\/\/omrasansagence.fr\/wp-content\/uploads\/2023\/02\/gare-me\u0301dine.png","width":400,"height":225,"caption":"gare de m\u00e9dine"},{"@type":"BreadcrumbList","@id":"https:\/\/omrasansagence.fr\/produit\/transfert-gare-hotel-medine\/#breadcrumb","itemListElement":[{"@type":"ListItem","position":1,"name":"Accueil","item":"https:\/\/omrasansagence.fr\/"},{"@type":"ListItem","position":2,"name":"Boutique","item":"https:\/\/omrasansagence.fr\/boutique\/"},{"@type":"ListItem","position":3,"name":"Transfert Gare H\u00f4tel M\u00e9dine"}]},{"@type":"WebSite","@id":"https:\/\/omrasansagence.fr\/#website","url":"https:\/\/omrasansagence.fr\/","name":"omrasansagence","description":"","publisher":{"@id":"https:\/\/omrasansagence.fr\/#organization"},"potentialAction":[{"@type":"SearchAction","target":{"@type":"EntryPoint","urlTemplate":"https:\/\/omrasansagence.fr\/?s={search_term_string}"},"query-input":{"@type":"PropertyValueSpecification","valueRequired":true,"valueName":"search_term_string"}}],"inLanguage":"ar"},{"@type":"Organization","@id":"https:\/\/omrasansagence.fr\/#organization","name":"omrasansagence","url":"https:\/\/omrasansagence.fr\/","logo":{"@type":"ImageObject","inLanguage":"ar","@id":"https:\/\/omrasansagence.fr\/#\/schema\/logo\/image\/","url":"https:\/\/omrasansagence.fr\/wp-content\/uploads\/2023\/07\/cropped-logo-ton-guide-Omra-fond-blanc-e1690744840430.png","contentUrl":"https:\/\/omrasansagence.fr\/wp-content\/uploads\/2023\/07\/cropped-logo-ton-guide-Omra-fond-blanc-e1690744840430.png","width":186,"height":202,"caption":"omrasansagence"},"image":{"@id":"https:\/\/omrasansagence.fr\/#\/schema\/logo\/image\/"}}]}},"_links":{"self":[{"href":"https:\/\/omrasansagence.fr\/ar\/wp-json\/wp\/v2\/product\/1214","targetHints":{"allow":["GET"]}}],"collection":[{"href":"https:\/\/omrasansagence.fr\/ar\/wp-json\/wp\/v2\/product"}],"about":[{"href":"https:\/\/omrasansagence.fr\/ar\/wp-json\/wp\/v2\/types\/product"}],"replies":[{"embeddable":true,"href":"https:\/\/omrasansagence.fr\/ar\/wp-json\/wp\/v2\/comments?post=1214"}],"wp:featuredmedia":[{"embeddable":true,"href":"https:\/\/omrasansagence.fr\/ar\/wp-json\/wp\/v2\/media\/956"}],"wp:attachment":[{"href":"https:\/\/omrasansagence.fr\/ar\/wp-json\/wp\/v2\/media?parent=1214"}],"wp:term":[{"taxonomy":"product_brand","embeddable":true,"href":"https:\/\/omrasansagence.fr\/ar\/wp-json\/wp\/v2\/product_brand?post=1214"},{"taxonomy":"product_cat","embeddable":true,"href":"https:\/\/omrasansagence.fr\/ar\/wp-json\/wp\/v2\/product_cat?post=1214"},{"taxonomy":"product_tag","embeddable":true,"href":"https:\/\/omrasansagence.fr\/ar\/wp-json\/wp\/v2\/product_tag?post=1214"}],"curies":[{"name":"wp","href":"https:\/\/api.w.org\/{rel}","templated":true}]}}