{"id":1195,"date":"2023-02-22T11:52:08","date_gmt":"2023-02-22T10:52:08","guid":{"rendered":"https:\/\/omrasansagence.fr\/?post_type=product&#038;p=1195"},"modified":"2026-03-22T10:12:54","modified_gmt":"2026-03-22T09:12:54","slug":"formule-complete-medine","status":"publish","type":"product","link":"http:\/\/omrasansagence.fr\/es\/produit\/formule-complete-medine\/","title":{"rendered":"FORMULE COMPLETE MEDINE"},"content":{"rendered":"<h2 align=\"left\"><strong><span style=\"color: #000000;\"><span style=\"font-family: Arial, sans-serif;\"><span style=\"font-size: medium;\">GAGNEZ DU TEMPS ET DE L&rsquo;ARGENT <\/span><\/span><\/span><\/strong><\/h2>\n<p align=\"left\"><span style=\"color: #000000;\"><span style=\"font-family: Arial, sans-serif;\"><span style=\"font-size: medium;\">D\u00e9roulement du s\u00e9jour :<\/span><\/span><\/span><\/p>\n<ul>\n<li>\n<p align=\"left\"><span style=\"color: #000000;\"><span style=\"font-family: Arial, sans-serif;\"><span style=\"font-size: medium;\">Prise en charge M\u00e9dine a\u00e9roport\/h\u00f4tel<\/span><\/span><\/span><\/p>\n<\/li>\n<li>\n<p align=\"left\"><span style=\"color: #000000; font-family: Arial, sans-serif; font-size: medium;\">Visite \u00e0 M\u00e9dine ( Masjid An-Nabawi , Mont ouhoud , La mosqu\u00e9e de Quba)<\/span><\/p>\n<\/li>\n<li>\n<p align=\"left\"><span style=\"color: #000000; font-family: Arial, sans-serif; font-size: medium;\">Une fois votre s\u00e9jour \u00e0 M\u00e9dine termin\u00e9, le guide vous expliquera tout le rituel \u00e0 accomplir avant votre d\u00e9part \u00e0 la Mecque afin de vous mettre en conditions pour la omra car le grand jour arrive !! <\/span><\/p>\n<\/li>\n<li>\n<p align=\"left\"><span style=\"color: #000000;\"><span style=\"font-family: Arial, sans-serif;\"><span style=\"font-size: medium;\">Transfert h\u00f4tel M\u00e9dine \/gare M\u00e9dine.<\/span><\/span><\/span><\/p>\n<\/li>\n<li>\n<p align=\"left\"><span style=\"color: #000000;\"><span style=\"font-family: Arial, sans-serif;\"><span style=\"font-size: medium;\">Transfert gare Makkah\/h\u00f4tel Makkah<\/span><\/span><\/span><\/p>\n<\/li>\n<li>\n<p align=\"left\"><span style=\"color: #000000;\"><span style=\"font-family: Arial, sans-serif;\"><span style=\"font-size: medium;\">Accompagnement Omra (Masjid Al-haram) <\/span><\/span><\/span><span style=\"color: #000000;\"><span style=\"font-family: Arial, sans-serif;\"><span style=\"font-size: medium;\">votre guide sera pr\u00e9sent pour vous accompagner dans vos rites<\/span><\/span><\/span><\/p>\n<\/li>\n<li>\n<p align=\"left\"><span style=\"color: #000000;\"><span style=\"font-family: Arial, sans-serif;\"><span style=\"font-size: medium;\">Visite \u00e0 La Mecque (lieux rites du Hajj)<\/span><\/span><\/span><\/p>\n<\/li>\n<li>\n<p align=\"left\"><span style=\"color: #000000;\"><span style=\"font-family: Arial, sans-serif;\"><span style=\"font-size: medium;\">Transfert h\u00f4tel Makkah\/a\u00e9roport Djeddah.<\/span><\/span><\/span><\/p>\n<\/li>\n<\/ul>\n<p align=\"left\"><span style=\"color: #000000;\">\u00a0<\/span>Il est possible d\u2019inverser le d\u00e9roulement du voyage en commen\u00e7ant par Makkah et finir par <span style=\"color: #000000; font-family: Arial, sans-serif; font-size: medium;\">Medina<\/span>.<\/p>","protected":false},"excerpt":{"rendered":"<p><strong>Chers P\u00e8lerins,<\/strong><\/p>\n<p>Nous sommes ravis de vous accompagner dans votre <strong>voyage sacr\u00e9 de la Omra sans agence<\/strong>. Afin de garantir une exp\u00e9rience personnalis\u00e9e et r\u00e9pondre au mieux \u00e0 vos besoins, nous vous prions de bien vouloir <strong>nous contacter sur WhatsApp avant tout r\u00e8glement.<\/strong><\/p>","protected":false},"featured_media":949,"comment_status":"open","ping_status":"closed","template":"","meta":{"give_campaign_id":0,"site-sidebar-layout":"default","site-content-layout":"default","ast-site-content-layout":"default","site-content-style":"default","site-sidebar-style":"default","ast-global-header-display":"","ast-banner-title-visibility":"","ast-main-header-display":"","ast-hfb-above-header-display":"","ast-hfb-below-header-display":"","ast-hfb-mobile-header-display":"","site-post-title":"","ast-breadcrumbs-content":"","ast-featured-img":"","footer-sml-layout":"","ast-disable-related-posts":"","theme-transparent-header-meta":"default","adv-header-id-meta":"","stick-header-meta":"","header-above-stick-meta":"","header-main-stick-meta":"","header-below-stick-meta":"","astra-migrate-meta-layouts":"default","ast-page-background-enabled":"default","ast-page-background-meta":{"desktop":{"background-color":"","background-image":"","background-repeat":"repeat","background-position":"center center","background-size":"auto","background-attachment":"scroll","background-type":"","background-media":"","overlay-type":"","overlay-color":"","overlay-opacity":"","overlay-gradient":""},"tablet":{"background-color":"","background-image":"","background-repeat":"repeat","background-position":"center center","background-size":"auto","background-attachment":"scroll","background-type":"","background-media":"","overlay-type":"","overlay-color":"","overlay-opacity":"","overlay-gradient":""},"mobile":{"background-color":"","background-image":"","background-repeat":"repeat","background-position":"center center","background-size":"auto","background-attachment":"scroll","background-type":"","background-media":"","overlay-type":"","overlay-color":"","overlay-opacity":"","overlay-gradient":""}},"ast-content-background-meta":{"desktop":{"background-color":"var(--ast-global-color-5)","background-image":"","background-repeat":"repeat","background-position":"center center","background-size":"auto","background-attachment":"scroll","background-type":"","background-media":"","overlay-type":"","overlay-color":"","overlay-opacity":"","overlay-gradient":""},"tablet":{"background-color":"var(--ast-global-color-5)","background-image":"","background-repeat":"repeat","background-position":"center center","background-size":"auto","background-attachment":"scroll","background-type":"","background-media":"","overlay-type":"","overlay-color":"","overlay-opacity":"","overlay-gradient":""},"mobile":{"background-color":"var(--ast-global-color-5)","background-image":"","background-repeat":"repeat","background-position":"center center","background-size":"auto","background-attachment":"scroll","background-type":"","background-media":"","overlay-type":"","overlay-color":"","overlay-opacity":"","overlay-gradient":""}},"_joinchat":[]},"product_brand":[],"product_cat":[18],"product_tag":[],"class_list":{"0":"post-1195","1":"product","2":"type-product","3":"status-publish","4":"has-post-thumbnail","6":"product_cat-non-classe","7":"desktop-align-left","8":"tablet-align-left","9":"mobile-align-left","11":"first","12":"instock","13":"taxable","14":"shipping-taxable","15":"purchasable","16":"product-type-variable"},"yoast_head":"<!-- This site is optimized with the Yoast SEO plugin v26.5 - https:\/\/yoast.com\/wordpress\/plugins\/seo\/ -->\n<title>FORMULE COMPLETE MEDINE - omrasansagence<\/title>\n<meta name=\"description\" content=\"Un accompagnement complet comprenant tous les transferts, les visites touristiques et les lieux saints de la Mecque et M\u00e9dine.\" \/>\n<meta name=\"robots\" content=\"index, follow, max-snippet:-1, max-image-preview:large, max-video-preview:-1\" \/>\n<link rel=\"canonical\" href=\"https:\/\/omrasansagence.fr\/es\/produit\/formule-complete-medine\/\" \/>\n<meta property=\"og:locale\" content=\"es_ES\" \/>\n<meta property=\"og:type\" content=\"article\" \/>\n<meta property=\"og:title\" content=\"FORMULE COMPLETE MEDINE - omrasansagence\" \/>\n<meta property=\"og:description\" content=\"Un accompagnement complet comprenant tous les transferts, les visites touristiques et les lieux saints de la Mecque et M\u00e9dine.\" \/>\n<meta property=\"og:url\" content=\"https:\/\/omrasansagence.fr\/es\/produit\/formule-complete-medine\/\" \/>\n<meta property=\"og:site_name\" content=\"omrasansagence\" \/>\n<meta property=\"article:modified_time\" content=\"2026-03-22T09:12:54+00:00\" \/>\n<meta property=\"og:image\" content=\"https:\/\/omrasansagence.fr\/wp-content\/uploads\/2023\/02\/omra.png\" \/>\n\t<meta property=\"og:image:width\" content=\"400\" \/>\n\t<meta property=\"og:image:height\" content=\"253\" \/>\n\t<meta property=\"og:image:type\" content=\"image\/png\" \/>\n<meta name=\"twitter:card\" content=\"summary_large_image\" \/>\n<meta name=\"twitter:label1\" content=\"Tiempo de lectura\" \/>\n\t<meta name=\"twitter:data1\" content=\"1 minuto\" \/>\n<script type=\"application\/ld+json\" class=\"yoast-schema-graph\">{\"@context\":\"https:\/\/schema.org\",\"@graph\":[{\"@type\":[\"WebPage\",\"CheckoutPage\"],\"@id\":\"https:\/\/omrasansagence.fr\/produit\/formule-complete-medine\/\",\"url\":\"https:\/\/omrasansagence.fr\/produit\/formule-complete-medine\/\",\"name\":\"FORMULE COMPLETE MEDINE - omrasansagence\",\"isPartOf\":{\"@id\":\"https:\/\/omrasansagence.fr\/#website\"},\"primaryImageOfPage\":{\"@id\":\"https:\/\/omrasansagence.fr\/produit\/formule-complete-medine\/#primaryimage\"},\"image\":{\"@id\":\"https:\/\/omrasansagence.fr\/produit\/formule-complete-medine\/#primaryimage\"},\"thumbnailUrl\":\"https:\/\/omrasansagence.fr\/wp-content\/uploads\/2023\/02\/omra.png\",\"datePublished\":\"2023-02-22T10:52:08+00:00\",\"dateModified\":\"2026-03-22T09:12:54+00:00\",\"description\":\"Un accompagnement complet comprenant tous les transferts, les visites touristiques et les lieux saints de la Mecque et M\u00e9dine.\",\"breadcrumb\":{\"@id\":\"https:\/\/omrasansagence.fr\/produit\/formule-complete-medine\/#breadcrumb\"},\"inLanguage\":\"es\",\"potentialAction\":[{\"@type\":\"ReadAction\",\"target\":[\"https:\/\/omrasansagence.fr\/produit\/formule-complete-medine\/\"]}]},{\"@type\":\"ImageObject\",\"inLanguage\":\"es\",\"@id\":\"https:\/\/omrasansagence.fr\/produit\/formule-complete-medine\/#primaryimage\",\"url\":\"https:\/\/omrasansagence.fr\/wp-content\/uploads\/2023\/02\/omra.png\",\"contentUrl\":\"https:\/\/omrasansagence.fr\/wp-content\/uploads\/2023\/02\/omra.png\",\"width\":400,\"height\":253,\"caption\":\"accompagnement omra\"},{\"@type\":\"BreadcrumbList\",\"@id\":\"https:\/\/omrasansagence.fr\/produit\/formule-complete-medine\/#breadcrumb\",\"itemListElement\":[{\"@type\":\"ListItem\",\"position\":1,\"name\":\"Accueil\",\"item\":\"https:\/\/omrasansagence.fr\/\"},{\"@type\":\"ListItem\",\"position\":2,\"name\":\"Boutique\",\"item\":\"https:\/\/omrasansagence.fr\/boutique\/\"},{\"@type\":\"ListItem\",\"position\":3,\"name\":\"FORMULE COMPLETE MEDINE\"}]},{\"@type\":\"WebSite\",\"@id\":\"https:\/\/omrasansagence.fr\/#website\",\"url\":\"https:\/\/omrasansagence.fr\/\",\"name\":\"omrasansagence\",\"description\":\"\",\"publisher\":{\"@id\":\"https:\/\/omrasansagence.fr\/#organization\"},\"potentialAction\":[{\"@type\":\"SearchAction\",\"target\":{\"@type\":\"EntryPoint\",\"urlTemplate\":\"https:\/\/omrasansagence.fr\/?s={search_term_string}\"},\"query-input\":{\"@type\":\"PropertyValueSpecification\",\"valueRequired\":true,\"valueName\":\"search_term_string\"}}],\"inLanguage\":\"es\"},{\"@type\":\"Organization\",\"@id\":\"https:\/\/omrasansagence.fr\/#organization\",\"name\":\"omrasansagence\",\"url\":\"https:\/\/omrasansagence.fr\/\",\"logo\":{\"@type\":\"ImageObject\",\"inLanguage\":\"es\",\"@id\":\"https:\/\/omrasansagence.fr\/#\/schema\/logo\/image\/\",\"url\":\"https:\/\/omrasansagence.fr\/wp-content\/uploads\/2023\/07\/cropped-logo-ton-guide-Omra-fond-blanc-e1690744840430.png\",\"contentUrl\":\"https:\/\/omrasansagence.fr\/wp-content\/uploads\/2023\/07\/cropped-logo-ton-guide-Omra-fond-blanc-e1690744840430.png\",\"width\":186,\"height\":202,\"caption\":\"omrasansagence\"},\"image\":{\"@id\":\"https:\/\/omrasansagence.fr\/#\/schema\/logo\/image\/\"}}]}<\/script>\n<!-- \/ Yoast SEO plugin. -->","yoast_head_json":{"title":"FORMULE COMPLETE MEDINE - omrasansagence","description":"Un accompagnement complet comprenant tous les transferts, les visites touristiques et les lieux saints de la Mecque et M\u00e9dine.","robots":{"index":"index","follow":"follow","max-snippet":"max-snippet:-1","max-image-preview":"max-image-preview:large","max-video-preview":"max-video-preview:-1"},"canonical":"https:\/\/omrasansagence.fr\/es\/produit\/formule-complete-medine\/","og_locale":"es_ES","og_type":"article","og_title":"FORMULE COMPLETE MEDINE - omrasansagence","og_description":"Un accompagnement complet comprenant tous les transferts, les visites touristiques et les lieux saints de la Mecque et M\u00e9dine.","og_url":"https:\/\/omrasansagence.fr\/es\/produit\/formule-complete-medine\/","og_site_name":"omrasansagence","article_modified_time":"2026-03-22T09:12:54+00:00","og_image":[{"width":400,"height":253,"url":"https:\/\/omrasansagence.fr\/wp-content\/uploads\/2023\/02\/omra.png","type":"image\/png"}],"twitter_card":"summary_large_image","twitter_misc":{"Tiempo de lectura":"1 minuto"},"schema":{"@context":"https:\/\/schema.org","@graph":[{"@type":["WebPage","CheckoutPage"],"@id":"https:\/\/omrasansagence.fr\/produit\/formule-complete-medine\/","url":"https:\/\/omrasansagence.fr\/produit\/formule-complete-medine\/","name":"FORMULE COMPLETE MEDINE - omrasansagence","isPartOf":{"@id":"https:\/\/omrasansagence.fr\/#website"},"primaryImageOfPage":{"@id":"https:\/\/omrasansagence.fr\/produit\/formule-complete-medine\/#primaryimage"},"image":{"@id":"https:\/\/omrasansagence.fr\/produit\/formule-complete-medine\/#primaryimage"},"thumbnailUrl":"https:\/\/omrasansagence.fr\/wp-content\/uploads\/2023\/02\/omra.png","datePublished":"2023-02-22T10:52:08+00:00","dateModified":"2026-03-22T09:12:54+00:00","description":"Un accompagnement complet comprenant tous les transferts, les visites touristiques et les lieux saints de la Mecque et M\u00e9dine.","breadcrumb":{"@id":"https:\/\/omrasansagence.fr\/produit\/formule-complete-medine\/#breadcrumb"},"inLanguage":"es","potentialAction":[{"@type":"ReadAction","target":["https:\/\/omrasansagence.fr\/produit\/formule-complete-medine\/"]}]},{"@type":"ImageObject","inLanguage":"es","@id":"https:\/\/omrasansagence.fr\/produit\/formule-complete-medine\/#primaryimage","url":"https:\/\/omrasansagence.fr\/wp-content\/uploads\/2023\/02\/omra.png","contentUrl":"https:\/\/omrasansagence.fr\/wp-content\/uploads\/2023\/02\/omra.png","width":400,"height":253,"caption":"accompagnement omra"},{"@type":"BreadcrumbList","@id":"https:\/\/omrasansagence.fr\/produit\/formule-complete-medine\/#breadcrumb","itemListElement":[{"@type":"ListItem","position":1,"name":"Accueil","item":"https:\/\/omrasansagence.fr\/"},{"@type":"ListItem","position":2,"name":"Boutique","item":"https:\/\/omrasansagence.fr\/boutique\/"},{"@type":"ListItem","position":3,"name":"FORMULE COMPLETE MEDINE"}]},{"@type":"WebSite","@id":"https:\/\/omrasansagence.fr\/#website","url":"https:\/\/omrasansagence.fr\/","name":"omrasansagence","description":"","publisher":{"@id":"https:\/\/omrasansagence.fr\/#organization"},"potentialAction":[{"@type":"SearchAction","target":{"@type":"EntryPoint","urlTemplate":"https:\/\/omrasansagence.fr\/?s={search_term_string}"},"query-input":{"@type":"PropertyValueSpecification","valueRequired":true,"valueName":"search_term_string"}}],"inLanguage":"es"},{"@type":"Organization","@id":"https:\/\/omrasansagence.fr\/#organization","name":"omrasansagence","url":"https:\/\/omrasansagence.fr\/","logo":{"@type":"ImageObject","inLanguage":"es","@id":"https:\/\/omrasansagence.fr\/#\/schema\/logo\/image\/","url":"https:\/\/omrasansagence.fr\/wp-content\/uploads\/2023\/07\/cropped-logo-ton-guide-Omra-fond-blanc-e1690744840430.png","contentUrl":"https:\/\/omrasansagence.fr\/wp-content\/uploads\/2023\/07\/cropped-logo-ton-guide-Omra-fond-blanc-e1690744840430.png","width":186,"height":202,"caption":"omrasansagence"},"image":{"@id":"https:\/\/omrasansagence.fr\/#\/schema\/logo\/image\/"}}]}},"_links":{"self":[{"href":"http:\/\/omrasansagence.fr\/es\/wp-json\/wp\/v2\/product\/1195","targetHints":{"allow":["GET"]}}],"collection":[{"href":"http:\/\/omrasansagence.fr\/es\/wp-json\/wp\/v2\/product"}],"about":[{"href":"http:\/\/omrasansagence.fr\/es\/wp-json\/wp\/v2\/types\/product"}],"replies":[{"embeddable":true,"href":"http:\/\/omrasansagence.fr\/es\/wp-json\/wp\/v2\/comments?post=1195"}],"wp:featuredmedia":[{"embeddable":true,"href":"http:\/\/omrasansagence.fr\/es\/wp-json\/wp\/v2\/media\/949"}],"wp:attachment":[{"href":"http:\/\/omrasansagence.fr\/es\/wp-json\/wp\/v2\/media?parent=1195"}],"wp:term":[{"taxonomy":"product_brand","embeddable":true,"href":"http:\/\/omrasansagence.fr\/es\/wp-json\/wp\/v2\/product_brand?post=1195"},{"taxonomy":"product_cat","embeddable":true,"href":"http:\/\/omrasansagence.fr\/es\/wp-json\/wp\/v2\/product_cat?post=1195"},{"taxonomy":"product_tag","embeddable":true,"href":"http:\/\/omrasansagence.fr\/es\/wp-json\/wp\/v2\/product_tag?post=1195"}],"curies":[{"name":"wp","href":"https:\/\/api.w.org\/{rel}","templated":true}]}}