{"id":649,"date":"2023-02-17T00:49:09","date_gmt":"2023-02-16T23:49:09","guid":{"rendered":"http:\/\/omrasansagence\/?post_type=product&#038;p=649"},"modified":"2026-03-31T23:30:21","modified_gmt":"2026-03-31T21:30:21","slug":"transfert-aeroport-hotel","status":"publish","type":"product","link":"http:\/\/omrasansagence.fr\/ar\/produit\/transfert-aeroport-hotel\/","title":{"rendered":"Transfert A\u00e9roport <-> H\u00f4tel Makkah"},"content":{"rendered":"<h2>Transfert A\u00e9roport H\u00f4tel Makkah<\/h2>\n<p><span style=\"color: #000000;\"><span style=\"font-family: Arial, sans-serif;\"><span style=\"font-size: medium;\">Vous d\u00e9barquez ou embarquez de l\u2019a\u00e9roport international Roi-Abdelaziz \u00e0 Jeddah,<br \/>\nLaissez vous transporter par Votre chauffeur priv\u00e9 jusqu&rsquo;\u00e0 votre h\u00f4tel \u00e0 Makkah.<\/span><\/span><\/span><\/p>\n<p><span style=\"color: #000000;\"><span style=\"font-family: Arial, sans-serif;\"><span style=\"font-size: medium;\">Des prix fixes quel que soit le trafic, des conseils pour arriver le plus sereinement possible et des v\u00e9hicules assurant le confort id\u00e9al pour commencer ou finir votre s\u00e9jour en beaut\u00e9.<\/span><\/span><\/span><\/p>\n<p align=\"left\"><span style=\"color: #000000; font-size: medium; font-family: Arial, sans-serif;\">Il est possible d\u2019inverser le transfert en commen\u00e7ant par l&rsquo;<\/span><span style=\"color: #000000; font-family: Arial, sans-serif;\">\u0627\u0644\u0641\u0646\u062f\u0642<\/span><span style=\"font-family: Arial, sans-serif;\"> pour finir a l&rsquo;<span style=\"color: #000000; font-size: medium;\">a\u00e9roport<\/span>.<\/span><\/p>","protected":false},"excerpt":{"rendered":"<p><strong>Chers P\u00e8lerins,<\/strong><\/p>\n<p>Nous sommes ravis de vous accompagner dans votre <strong>voyage sacr\u00e9 de la Omra sans agence<\/strong>. Afin de garantir une exp\u00e9rience personnalis\u00e9e et r\u00e9pondre au mieux \u00e0 vos besoins, nous vous prions de bien vouloir <strong>nous contacter sur WhatsApp avant tout r\u00e8glement.<\/strong><\/p>","protected":false},"featured_media":942,"comment_status":"open","ping_status":"closed","template":"","meta":{"give_campaign_id":0,"site-sidebar-layout":"default","site-content-layout":"default","ast-site-content-layout":"default","site-content-style":"default","site-sidebar-style":"default","ast-global-header-display":"","ast-banner-title-visibility":"","ast-main-header-display":"","ast-hfb-above-header-display":"","ast-hfb-below-header-display":"","ast-hfb-mobile-header-display":"","site-post-title":"","ast-breadcrumbs-content":"","ast-featured-img":"","footer-sml-layout":"","ast-disable-related-posts":"","theme-transparent-header-meta":"default","adv-header-id-meta":"","stick-header-meta":"","header-above-stick-meta":"","header-main-stick-meta":"","header-below-stick-meta":"","astra-migrate-meta-layouts":"default","ast-page-background-enabled":"default","ast-page-background-meta":{"desktop":{"background-color":"","background-image":"","background-repeat":"repeat","background-position":"center center","background-size":"auto","background-attachment":"scroll","background-type":"","background-media":"","overlay-type":"","overlay-color":"","overlay-opacity":"","overlay-gradient":""},"tablet":{"background-color":"","background-image":"","background-repeat":"repeat","background-position":"center center","background-size":"auto","background-attachment":"scroll","background-type":"","background-media":"","overlay-type":"","overlay-color":"","overlay-opacity":"","overlay-gradient":""},"mobile":{"background-color":"","background-image":"","background-repeat":"repeat","background-position":"center center","background-size":"auto","background-attachment":"scroll","background-type":"","background-media":"","overlay-type":"","overlay-color":"","overlay-opacity":"","overlay-gradient":""}},"ast-content-background-meta":{"desktop":{"background-color":"var(--ast-global-color-5)","background-image":"","background-repeat":"repeat","background-position":"center center","background-size":"auto","background-attachment":"scroll","background-type":"","background-media":"","overlay-type":"","overlay-color":"","overlay-opacity":"","overlay-gradient":""},"tablet":{"background-color":"var(--ast-global-color-5)","background-image":"","background-repeat":"repeat","background-position":"center center","background-size":"auto","background-attachment":"scroll","background-type":"","background-media":"","overlay-type":"","overlay-color":"","overlay-opacity":"","overlay-gradient":""},"mobile":{"background-color":"var(--ast-global-color-5)","background-image":"","background-repeat":"repeat","background-position":"center center","background-size":"auto","background-attachment":"scroll","background-type":"","background-media":"","overlay-type":"","overlay-color":"","overlay-opacity":"","overlay-gradient":""}},"_joinchat":[]},"product_brand":[],"product_cat":[18],"product_tag":[],"class_list":{"0":"post-649","1":"product","2":"type-product","3":"status-publish","4":"has-post-thumbnail","6":"product_cat-non-classe","7":"desktop-align-left","8":"tablet-align-left","9":"mobile-align-left","11":"first","12":"instock","13":"taxable","14":"shipping-taxable","15":"purchasable","16":"product-type-variable"},"yoast_head":"<!-- This site is optimized with the Yoast SEO plugin v26.5 - https:\/\/yoast.com\/wordpress\/plugins\/seo\/ -->\n<title>Transfert A\u00e9roport  H\u00f4tel Makkah - omrasansagence<\/title>\n<meta name=\"description\" content=\"Vous d\u00e9barquez ou embarquez de l\u2019a\u00e9roport international de Jeddah, Laissez vous transportez par Votre chauffeur priv\u00e9 jusqu&#039;\u00e0 votre h\u00f4tel \u00e0 Makkah.\" \/>\n<meta name=\"robots\" content=\"index, follow, max-snippet:-1, max-image-preview:large, max-video-preview:-1\" \/>\n<link rel=\"canonical\" href=\"https:\/\/omrasansagence.fr\/ar\/produit\/transfert-aeroport-hotel\/\" \/>\n<meta property=\"og:locale\" content=\"ar_AR\" \/>\n<meta property=\"og:type\" content=\"article\" \/>\n<meta property=\"og:title\" content=\"Transfert A\u00e9roport  H\u00f4tel Makkah - omrasansagence\" \/>\n<meta property=\"og:description\" content=\"Vous d\u00e9barquez ou embarquez de l\u2019a\u00e9roport international de Jeddah, Laissez vous transportez par Votre chauffeur priv\u00e9 jusqu&#039;\u00e0 votre h\u00f4tel \u00e0 Makkah.\" \/>\n<meta property=\"og:url\" content=\"https:\/\/omrasansagence.fr\/ar\/produit\/transfert-aeroport-hotel\/\" \/>\n<meta property=\"og:site_name\" content=\"omrasansagence\" \/>\n<meta property=\"article:modified_time\" content=\"2026-03-31T21:30:21+00:00\" \/>\n<meta property=\"og:image\" content=\"https:\/\/omrasansagence.fr\/wp-content\/uploads\/2023\/02\/ae\u0301roport-me\u0301dine.jpg\" \/>\n\t<meta property=\"og:image:width\" content=\"612\" \/>\n\t<meta property=\"og:image:height\" content=\"306\" \/>\n\t<meta property=\"og:image:type\" content=\"image\/jpeg\" \/>\n<meta name=\"twitter:card\" content=\"summary_large_image\" \/>\n<meta name=\"twitter:label1\" content=\"\u0648\u0642\u062a \u0627\u0644\u0642\u0631\u0627\u0621\u0629 \u0627\u0644\u0645\u064f\u0642\u062f\u0651\u0631\" \/>\n\t<meta name=\"twitter:data1\" content=\"\u062f\u0642\u064a\u0642\u0629 \u0648\u0627\u062d\u062f\u0629\" \/>\n<script type=\"application\/ld+json\" class=\"yoast-schema-graph\">{\"@context\":\"https:\/\/schema.org\",\"@graph\":[{\"@type\":[\"WebPage\",\"CheckoutPage\"],\"@id\":\"https:\/\/omrasansagence.fr\/produit\/transfert-aeroport-hotel\/\",\"url\":\"https:\/\/omrasansagence.fr\/produit\/transfert-aeroport-hotel\/\",\"name\":\"Transfert A\u00e9roport H\u00f4tel Makkah - omrasansagence\",\"isPartOf\":{\"@id\":\"https:\/\/omrasansagence.fr\/#website\"},\"primaryImageOfPage\":{\"@id\":\"https:\/\/omrasansagence.fr\/produit\/transfert-aeroport-hotel\/#primaryimage\"},\"image\":{\"@id\":\"https:\/\/omrasansagence.fr\/produit\/transfert-aeroport-hotel\/#primaryimage\"},\"thumbnailUrl\":\"https:\/\/omrasansagence.fr\/wp-content\/uploads\/2023\/02\/ae\u0301roport-me\u0301dine.jpg\",\"datePublished\":\"2023-02-16T23:49:09+00:00\",\"dateModified\":\"2026-03-31T21:30:21+00:00\",\"description\":\"Vous d\u00e9barquez ou embarquez de l\u2019a\u00e9roport international de Jeddah, Laissez vous transportez par Votre chauffeur priv\u00e9 jusqu'\u00e0 votre h\u00f4tel \u00e0 Makkah.\",\"breadcrumb\":{\"@id\":\"https:\/\/omrasansagence.fr\/produit\/transfert-aeroport-hotel\/#breadcrumb\"},\"inLanguage\":\"ar\",\"potentialAction\":[{\"@type\":\"ReadAction\",\"target\":[\"https:\/\/omrasansagence.fr\/produit\/transfert-aeroport-hotel\/\"]}]},{\"@type\":\"ImageObject\",\"inLanguage\":\"ar\",\"@id\":\"https:\/\/omrasansagence.fr\/produit\/transfert-aeroport-hotel\/#primaryimage\",\"url\":\"https:\/\/omrasansagence.fr\/wp-content\/uploads\/2023\/02\/ae\u0301roport-me\u0301dine.jpg\",\"contentUrl\":\"https:\/\/omrasansagence.fr\/wp-content\/uploads\/2023\/02\/ae\u0301roport-me\u0301dine.jpg\",\"width\":612,\"height\":306,\"caption\":\"a\u00e9roport de la ville de makkah\"},{\"@type\":\"BreadcrumbList\",\"@id\":\"https:\/\/omrasansagence.fr\/produit\/transfert-aeroport-hotel\/#breadcrumb\",\"itemListElement\":[{\"@type\":\"ListItem\",\"position\":1,\"name\":\"Accueil\",\"item\":\"https:\/\/omrasansagence.fr\/\"},{\"@type\":\"ListItem\",\"position\":2,\"name\":\"Boutique\",\"item\":\"https:\/\/omrasansagence.fr\/boutique\/\"},{\"@type\":\"ListItem\",\"position\":3,\"name\":\"Transfert A\u00e9roport H\u00f4tel Makkah\"}]},{\"@type\":\"WebSite\",\"@id\":\"https:\/\/omrasansagence.fr\/#website\",\"url\":\"https:\/\/omrasansagence.fr\/\",\"name\":\"omrasansagence\",\"description\":\"\",\"publisher\":{\"@id\":\"https:\/\/omrasansagence.fr\/#organization\"},\"potentialAction\":[{\"@type\":\"SearchAction\",\"target\":{\"@type\":\"EntryPoint\",\"urlTemplate\":\"https:\/\/omrasansagence.fr\/?s={search_term_string}\"},\"query-input\":{\"@type\":\"PropertyValueSpecification\",\"valueRequired\":true,\"valueName\":\"search_term_string\"}}],\"inLanguage\":\"ar\"},{\"@type\":\"Organization\",\"@id\":\"https:\/\/omrasansagence.fr\/#organization\",\"name\":\"omrasansagence\",\"url\":\"https:\/\/omrasansagence.fr\/\",\"logo\":{\"@type\":\"ImageObject\",\"inLanguage\":\"ar\",\"@id\":\"https:\/\/omrasansagence.fr\/#\/schema\/logo\/image\/\",\"url\":\"https:\/\/omrasansagence.fr\/wp-content\/uploads\/2023\/07\/cropped-logo-ton-guide-Omra-fond-blanc-e1690744840430.png\",\"contentUrl\":\"https:\/\/omrasansagence.fr\/wp-content\/uploads\/2023\/07\/cropped-logo-ton-guide-Omra-fond-blanc-e1690744840430.png\",\"width\":186,\"height\":202,\"caption\":\"omrasansagence\"},\"image\":{\"@id\":\"https:\/\/omrasansagence.fr\/#\/schema\/logo\/image\/\"}}]}<\/script>\n<!-- \/ Yoast SEO plugin. -->","yoast_head_json":{"title":"Transfert A\u00e9roport  H\u00f4tel Makkah - omrasansagence","description":"Vous d\u00e9barquez ou embarquez de l\u2019a\u00e9roport international de Jeddah, Laissez vous transportez par Votre chauffeur priv\u00e9 jusqu'\u00e0 votre h\u00f4tel \u00e0 Makkah.","robots":{"index":"index","follow":"follow","max-snippet":"max-snippet:-1","max-image-preview":"max-image-preview:large","max-video-preview":"max-video-preview:-1"},"canonical":"https:\/\/omrasansagence.fr\/ar\/produit\/transfert-aeroport-hotel\/","og_locale":"ar_AR","og_type":"article","og_title":"Transfert A\u00e9roport  H\u00f4tel Makkah - omrasansagence","og_description":"Vous d\u00e9barquez ou embarquez de l\u2019a\u00e9roport international de Jeddah, Laissez vous transportez par Votre chauffeur priv\u00e9 jusqu'\u00e0 votre h\u00f4tel \u00e0 Makkah.","og_url":"https:\/\/omrasansagence.fr\/ar\/produit\/transfert-aeroport-hotel\/","og_site_name":"omrasansagence","article_modified_time":"2026-03-31T21:30:21+00:00","og_image":[{"width":612,"height":306,"url":"https:\/\/omrasansagence.fr\/wp-content\/uploads\/2023\/02\/ae\u0301roport-me\u0301dine.jpg","type":"image\/jpeg"}],"twitter_card":"summary_large_image","twitter_misc":{"\u0648\u0642\u062a \u0627\u0644\u0642\u0631\u0627\u0621\u0629 \u0627\u0644\u0645\u064f\u0642\u062f\u0651\u0631":"\u062f\u0642\u064a\u0642\u0629 \u0648\u0627\u062d\u062f\u0629"},"schema":{"@context":"https:\/\/schema.org","@graph":[{"@type":["WebPage","CheckoutPage"],"@id":"https:\/\/omrasansagence.fr\/produit\/transfert-aeroport-hotel\/","url":"https:\/\/omrasansagence.fr\/produit\/transfert-aeroport-hotel\/","name":"Transfert A\u00e9roport H\u00f4tel Makkah - omrasansagence","isPartOf":{"@id":"https:\/\/omrasansagence.fr\/#website"},"primaryImageOfPage":{"@id":"https:\/\/omrasansagence.fr\/produit\/transfert-aeroport-hotel\/#primaryimage"},"image":{"@id":"https:\/\/omrasansagence.fr\/produit\/transfert-aeroport-hotel\/#primaryimage"},"thumbnailUrl":"https:\/\/omrasansagence.fr\/wp-content\/uploads\/2023\/02\/ae\u0301roport-me\u0301dine.jpg","datePublished":"2023-02-16T23:49:09+00:00","dateModified":"2026-03-31T21:30:21+00:00","description":"Vous d\u00e9barquez ou embarquez de l\u2019a\u00e9roport international de Jeddah, Laissez vous transportez par Votre chauffeur priv\u00e9 jusqu'\u00e0 votre h\u00f4tel \u00e0 Makkah.","breadcrumb":{"@id":"https:\/\/omrasansagence.fr\/produit\/transfert-aeroport-hotel\/#breadcrumb"},"inLanguage":"ar","potentialAction":[{"@type":"ReadAction","target":["https:\/\/omrasansagence.fr\/produit\/transfert-aeroport-hotel\/"]}]},{"@type":"ImageObject","inLanguage":"ar","@id":"https:\/\/omrasansagence.fr\/produit\/transfert-aeroport-hotel\/#primaryimage","url":"https:\/\/omrasansagence.fr\/wp-content\/uploads\/2023\/02\/ae\u0301roport-me\u0301dine.jpg","contentUrl":"https:\/\/omrasansagence.fr\/wp-content\/uploads\/2023\/02\/ae\u0301roport-me\u0301dine.jpg","width":612,"height":306,"caption":"a\u00e9roport de la ville de makkah"},{"@type":"BreadcrumbList","@id":"https:\/\/omrasansagence.fr\/produit\/transfert-aeroport-hotel\/#breadcrumb","itemListElement":[{"@type":"ListItem","position":1,"name":"Accueil","item":"https:\/\/omrasansagence.fr\/"},{"@type":"ListItem","position":2,"name":"Boutique","item":"https:\/\/omrasansagence.fr\/boutique\/"},{"@type":"ListItem","position":3,"name":"Transfert A\u00e9roport H\u00f4tel Makkah"}]},{"@type":"WebSite","@id":"https:\/\/omrasansagence.fr\/#website","url":"https:\/\/omrasansagence.fr\/","name":"omrasansagence","description":"","publisher":{"@id":"https:\/\/omrasansagence.fr\/#organization"},"potentialAction":[{"@type":"SearchAction","target":{"@type":"EntryPoint","urlTemplate":"https:\/\/omrasansagence.fr\/?s={search_term_string}"},"query-input":{"@type":"PropertyValueSpecification","valueRequired":true,"valueName":"search_term_string"}}],"inLanguage":"ar"},{"@type":"Organization","@id":"https:\/\/omrasansagence.fr\/#organization","name":"omrasansagence","url":"https:\/\/omrasansagence.fr\/","logo":{"@type":"ImageObject","inLanguage":"ar","@id":"https:\/\/omrasansagence.fr\/#\/schema\/logo\/image\/","url":"https:\/\/omrasansagence.fr\/wp-content\/uploads\/2023\/07\/cropped-logo-ton-guide-Omra-fond-blanc-e1690744840430.png","contentUrl":"https:\/\/omrasansagence.fr\/wp-content\/uploads\/2023\/07\/cropped-logo-ton-guide-Omra-fond-blanc-e1690744840430.png","width":186,"height":202,"caption":"omrasansagence"},"image":{"@id":"https:\/\/omrasansagence.fr\/#\/schema\/logo\/image\/"}}]}},"_links":{"self":[{"href":"http:\/\/omrasansagence.fr\/ar\/wp-json\/wp\/v2\/product\/649","targetHints":{"allow":["GET"]}}],"collection":[{"href":"http:\/\/omrasansagence.fr\/ar\/wp-json\/wp\/v2\/product"}],"about":[{"href":"http:\/\/omrasansagence.fr\/ar\/wp-json\/wp\/v2\/types\/product"}],"replies":[{"embeddable":true,"href":"http:\/\/omrasansagence.fr\/ar\/wp-json\/wp\/v2\/comments?post=649"}],"wp:featuredmedia":[{"embeddable":true,"href":"http:\/\/omrasansagence.fr\/ar\/wp-json\/wp\/v2\/media\/942"}],"wp:attachment":[{"href":"http:\/\/omrasansagence.fr\/ar\/wp-json\/wp\/v2\/media?parent=649"}],"wp:term":[{"taxonomy":"product_brand","embeddable":true,"href":"http:\/\/omrasansagence.fr\/ar\/wp-json\/wp\/v2\/product_brand?post=649"},{"taxonomy":"product_cat","embeddable":true,"href":"http:\/\/omrasansagence.fr\/ar\/wp-json\/wp\/v2\/product_cat?post=649"},{"taxonomy":"product_tag","embeddable":true,"href":"http:\/\/omrasansagence.fr\/ar\/wp-json\/wp\/v2\/product_tag?post=649"}],"curies":[{"name":"wp","href":"https:\/\/api.w.org\/{rel}","templated":true}]}}